{"id":392,"date":"2019-02-12T15:12:45","date_gmt":"2019-02-12T13:12:45","guid":{"rendered":"https:\/\/velhonkota.fi\/historia\/"},"modified":"2025-03-11T09:27:30","modified_gmt":"2025-03-11T07:27:30","slug":"un-peu-dhistoire","status":"publish","type":"page","link":"https:\/\/velhonkota.fi\/fr\/un-peu-dhistoire\/","title":{"rendered":"Un peu d\u2019histoire"},"content":{"rendered":"\n<h3 class=\"wp-block-heading\">Des pages de l\u2019histoire racont\u00e9es par Kirsti et Kalervo Uuttu<\/h3>\n\n\n\n<p>Nous \u00e9tions en 1985 quand Kirsti et Uuttu-Kalle skiaient le jour de la f\u00eate du Travail pour rep\u00e9rer un emplacement pour Velhon Kota, suite \u00e0 l\u2019id\u00e9e de b\u00e2tir leur propre kota lapone. Le p\u00e8re de Kirsti, Einari, avait construit une kota apr\u00e8s les guerres pr\u00e8s de l\u2019actuelle Velhon Kota, le long de Kylm\u00e4ojantie. C\u2019est dans ce coin que Kirsti et Uuttu-Kalle \u00e9taient all\u00e9s skier, et qu\u2019ils avaient trouv\u00e9 un endroit id\u00e9al au bord d\u2019un petit ruisseau, pr\u00e8s duquel Karuliina de Luosu poss\u00e9dait une fosse \u00e0 goudron de bois et faisait descendre des barils le long du ruisseau.<\/p>\n\n\n\n<figure class=\"wp-block-image\"><img loading=\"lazy\" decoding=\"async\" width=\"1024\" height=\"694\" src=\"data:image\/gif;base64,R0lGODlhAQABAAAAACH5BAEKAAEALAAAAAABAAEAAAICTAEAOw==\" alt=\"\" class=\"wp-image-56 lazyload\" sizes=\"auto, (max-width: 1024px) 100vw, 1024px\" data-src=\"https:\/\/velhonkota.fi\/wp-content\/uploads\/2019\/02\/velhonkota_historia_01-1024x694.jpg\" data-srcset=\"https:\/\/velhonkota.fi\/wp-content\/uploads\/2019\/02\/velhonkota_historia_01-1024x694.jpg 1024w, https:\/\/velhonkota.fi\/wp-content\/uploads\/2019\/02\/velhonkota_historia_01-300x203.jpg 300w, https:\/\/velhonkota.fi\/wp-content\/uploads\/2019\/02\/velhonkota_historia_01-768x520.jpg 768w\"><figcaption class=\"wp-element-caption\">Tontin reunalla<\/figcaption><\/figure>\n\n\n\n<p>Le terrain convoit\u00e9 changea de propri\u00e9taire par un \u00e9change entre proches, et la construction de la kota commen\u00e7a en novembre. Une chemin\u00e9e a d\u2019abord \u00e9t\u00e9 construite, autour de laquelle la kota a \u00e9t\u00e9 b\u00e2tie. Des gars de la famille ont donn\u00e9 un coup de main pour l\u2019am\u00e9nagement int\u00e9rieur. Uuttu-Kalle s\u2019\u00e9tait dit qu\u2019une kota lapone ne n\u00e9cessitait pas de permis de construire, mais les autorit\u00e9s communales s\u2019en \u00e9taient enquises\u00a0; une demande de permis fut donc d\u00e9pos\u00e9e r\u00e9troactivement. La kota fut inaugur\u00e9e en f\u00e9vrier-mars 1986 et resta ouverte jusqu\u2019\u00e0 la f\u00eate du Travail.<\/p>\n\n\n\n<figure class=\"wp-block-image\"><img loading=\"lazy\" decoding=\"async\" width=\"1024\" height=\"684\" src=\"data:image\/gif;base64,R0lGODlhAQABAAAAACH5BAEKAAEALAAAAAABAAEAAAICTAEAOw==\" alt=\"\" class=\"wp-image-58 lazyload\" sizes=\"auto, (max-width: 1024px) 100vw, 1024px\" data-src=\"https:\/\/velhonkota.fi\/wp-content\/uploads\/2019\/02\/velhonkota_historia_02-1024x684.jpg\" data-srcset=\"https:\/\/velhonkota.fi\/wp-content\/uploads\/2019\/02\/velhonkota_historia_02-1024x684.jpg 1024w, https:\/\/velhonkota.fi\/wp-content\/uploads\/2019\/02\/velhonkota_historia_02-300x200.jpg 300w, https:\/\/velhonkota.fi\/wp-content\/uploads\/2019\/02\/velhonkota_historia_02-768x513.jpg 768w\"><figcaption class=\"wp-element-caption\">T\u00e4st\u00e4 se l\u00e4hti<\/figcaption><\/figure>\n\n\n\n<p>Au d\u00e9but, l\u2019eau \u00e9tait puis\u00e9e dans le ruisseau, mais suite aux exigences de l\u2019inspecteur sanitaire, un puits fut creus\u00e9. La piste traditionnelle suivait le chemin \u00e9questre trac\u00e9 par Einari\u00a0; au d\u00e9but, ils la faisaient eux-m\u00eames avec une motoneige. Par la suite, de nouvelles pistes ont \u00e9t\u00e9 planifi\u00e9es avec Tapio de Niittyranta, et peu \u00e0 peu le r\u00e9seau de pistes s\u2019est \u00e9tendu et les motoneiges ont \u00e9t\u00e9 remplac\u00e9es par des dameuses.<\/p>\n\n\n<style type=\"text\/css\">\n#foogallery-gallery-72 .fg-image { width: 150px; }\n#foogallery-gallery-72 { --fg-gutter: 10px; }<\/style>\n\t\t\t<div class=\"foogallery foogallery-container foogallery-default foogallery-lightbox-foobox fg-left fg-default fg-ready fg-light fg-border-thin fg-shadow-outline fg-loading-default fg-loaded-fade-in fg-caption-hover fg-hover-fade fg-hover-zoom\" id=\"foogallery-gallery-72\" data-foogallery=\"{&quot;item&quot;:{&quot;showCaptionTitle&quot;:true,&quot;showCaptionDescription&quot;:true},&quot;lazy&quot;:true}\" style=\"--fg-title-line-clamp: 0; --fg-description-line-clamp: 0;\" >\n\t<div class=\"fg-item fg-type-image fg-idle\"><figure class=\"fg-item-inner\"><a href=\"https:\/\/velhonkota.fi\/wp-content\/uploads\/2019\/02\/velhonkota_historia_03.jpg\" data-attachment-id=\"60\" data-type=\"image\" class=\"fg-thumb\"><span class=\"fg-image-wrap\"><img decoding=\"async\" width=\"150\" height=\"150\" class=\"skip-lazy no-lazy fg-image\" data-src-fg=\"https:\/\/velhonkota.fi\/wp-content\/uploads\/cache\/2019\/02\/velhonkota_historia_03\/2583192565.jpg\" src=\"data:image\/svg+xml,%3Csvg%20xmlns%3D%22http%3A%2F%2Fwww.w3.org%2F2000%2Fsvg%22%20width%3D%22150%22%20height%3D%22150%22%20viewBox%3D%220%200%20150%20150%22%3E%3C%2Fsvg%3E\" loading=\"eager\"><\/span><span class=\"fg-image-overlay\"><\/span><\/a><\/figure><div class=\"fg-loader\"><\/div><\/div><div class=\"fg-item fg-type-image fg-idle\"><figure class=\"fg-item-inner\"><a href=\"https:\/\/velhonkota.fi\/wp-content\/uploads\/2019\/02\/velhonkota_historia_08.jpg\" target=\"foobox\" data-attachment-id=\"65\" data-type=\"image\" class=\"fg-thumb\"><span class=\"fg-image-wrap\"><img decoding=\"async\" width=\"150\" height=\"150\" class=\"skip-lazy no-lazy fg-image\" data-src-fg=\"https:\/\/velhonkota.fi\/wp-content\/uploads\/cache\/2019\/02\/velhonkota_historia_08\/591250023.jpg\" src=\"data:image\/svg+xml,%3Csvg%20xmlns%3D%22http%3A%2F%2Fwww.w3.org%2F2000%2Fsvg%22%20width%3D%22150%22%20height%3D%22150%22%20viewBox%3D%220%200%20150%20150%22%3E%3C%2Fsvg%3E\" loading=\"eager\"><\/span><span class=\"fg-image-overlay\"><\/span><\/a><\/figure><div class=\"fg-loader\"><\/div><\/div><div class=\"fg-item fg-type-image fg-idle\"><figure class=\"fg-item-inner\"><a href=\"https:\/\/velhonkota.fi\/wp-content\/uploads\/2019\/02\/velhonkota_historia_07.jpg\" data-attachment-id=\"64\" data-type=\"image\" class=\"fg-thumb\"><span class=\"fg-image-wrap\"><img decoding=\"async\" width=\"150\" height=\"150\" class=\"skip-lazy no-lazy fg-image\" data-src-fg=\"https:\/\/velhonkota.fi\/wp-content\/uploads\/cache\/2019\/02\/velhonkota_historia_07\/2742115658.jpg\" src=\"data:image\/svg+xml,%3Csvg%20xmlns%3D%22http%3A%2F%2Fwww.w3.org%2F2000%2Fsvg%22%20width%3D%22150%22%20height%3D%22150%22%20viewBox%3D%220%200%20150%20150%22%3E%3C%2Fsvg%3E\" loading=\"eager\"><\/span><span class=\"fg-image-overlay\"><\/span><\/a><\/figure><div class=\"fg-loader\"><\/div><\/div><div class=\"fg-item fg-type-image fg-idle\"><figure class=\"fg-item-inner\"><a href=\"https:\/\/velhonkota.fi\/wp-content\/uploads\/2019\/02\/velhonkota_historia_06.jpg\" data-attachment-id=\"63\" data-type=\"image\" class=\"fg-thumb\"><span class=\"fg-image-wrap\"><img decoding=\"async\" width=\"150\" height=\"150\" class=\"skip-lazy no-lazy fg-image\" data-src-fg=\"https:\/\/velhonkota.fi\/wp-content\/uploads\/cache\/2019\/02\/velhonkota_historia_06\/984480530.jpg\" src=\"data:image\/svg+xml,%3Csvg%20xmlns%3D%22http%3A%2F%2Fwww.w3.org%2F2000%2Fsvg%22%20width%3D%22150%22%20height%3D%22150%22%20viewBox%3D%220%200%20150%20150%22%3E%3C%2Fsvg%3E\" loading=\"eager\"><\/span><span class=\"fg-image-overlay\"><\/span><\/a><\/figure><div class=\"fg-loader\"><\/div><\/div><div class=\"fg-item fg-type-image fg-idle\"><figure class=\"fg-item-inner\"><a href=\"https:\/\/velhonkota.fi\/wp-content\/uploads\/2019\/02\/velhonkota_historia_05.jpg\" data-attachment-id=\"62\" data-type=\"image\" class=\"fg-thumb\"><span class=\"fg-image-wrap\"><img decoding=\"async\" width=\"150\" height=\"150\" class=\"skip-lazy no-lazy fg-image\" data-src-fg=\"https:\/\/velhonkota.fi\/wp-content\/uploads\/cache\/2019\/02\/velhonkota_historia_05\/3981341040.jpg\" src=\"data:image\/svg+xml,%3Csvg%20xmlns%3D%22http%3A%2F%2Fwww.w3.org%2F2000%2Fsvg%22%20width%3D%22150%22%20height%3D%22150%22%20viewBox%3D%220%200%20150%20150%22%3E%3C%2Fsvg%3E\" loading=\"eager\"><\/span><span class=\"fg-image-overlay\"><\/span><\/a><\/figure><div class=\"fg-loader\"><\/div><\/div><div class=\"fg-item fg-type-image fg-idle\"><figure class=\"fg-item-inner\"><a href=\"https:\/\/velhonkota.fi\/wp-content\/uploads\/2019\/02\/velhonkota_historia_04.jpg\" data-attachment-id=\"61\" data-type=\"image\" class=\"fg-thumb\"><span class=\"fg-image-wrap\"><img decoding=\"async\" width=\"150\" height=\"150\" class=\"skip-lazy no-lazy fg-image\" data-src-fg=\"https:\/\/velhonkota.fi\/wp-content\/uploads\/cache\/2019\/02\/velhonkota_historia_04\/3394365293.jpg\" src=\"data:image\/svg+xml,%3Csvg%20xmlns%3D%22http%3A%2F%2Fwww.w3.org%2F2000%2Fsvg%22%20width%3D%22150%22%20height%3D%22150%22%20viewBox%3D%220%200%20150%20150%22%3E%3C%2Fsvg%3E\" loading=\"eager\"><\/span><span class=\"fg-image-overlay\"><\/span><\/a><\/figure><div class=\"fg-loader\"><\/div><\/div><\/div>\n\n\n\n<div style=\"height:42px\" aria-hidden=\"true\" class=\"wp-block-spacer\"><\/div>\n\n\n\n<p>Une petite cuisine \u00e0 c\u00f4t\u00e9 de la chemin\u00e9e servait les clients\u00a0; les beignets \u00e9taient frits \u00e0 la maison, transport\u00e9s en voiture de Helukka \u00e0 Sivulantie, puis le reste du chemin en motoneige. Le caf\u00e9 \u00e9tait pr\u00e9par\u00e9 dans la kota pr\u00e8s de la chemin\u00e9e, et on pouvait aussi acheter des saucisses \u00e0 griller. Apr\u00e8s les premi\u00e8res ann\u00e9es, avec l\u2019augmentation du nombre de visiteurs \u2013 des skieurs, mais aussi quelques motoneigistes \u2013 une petite cuisine en bois a \u00e9t\u00e9 construite. L\u2019offre s\u2019est progressivement enrichie\u00a0: on cuisinait des petits pains et des g\u00e2teaux, mais les sandwichs n\u2019ont \u00e9t\u00e9 ajout\u00e9s \u00e0 l\u2019offre qu\u2019en 1992, quand Satu et Jari ont commenc\u00e9 \u00e0 g\u00e9rer la kota. La majorit\u00e9 des clients \u00e9taient log\u00e9s chez l\u2019habitant\u00a0; Kirsti se souvient qu\u2019\u00e9tant jeune fille, elle devait mettre la table pour les touristes chez elle avant de partir \u00e0 l\u2019\u00e9cole.<\/p>\n\n\n\n<p>Velhon Kota n\u2019est pas le seul endroit o\u00f9 Kirsti et Uuttu-Kalle ont servi les skieurs\u00a0: ils ont \u00e9galement g\u00e9r\u00e9 les caf\u00e9s d\u2019\u00c4k\u00e4smylly, Velhonpirtti, Tunturij\u00e4rvi, Kotamaja et m\u00eame Pakasaivo, avec l\u2019aide de la famille et d\u2019autres habitants du coin. Les bapt\u00eames lapons d\u2019Uuttu-Kalle ont commenc\u00e9 \u00e0 \u00c4k\u00e4smylly et on en a faits \u00e0 plein d\u2019autres endroits. \u00c0 Velhon Kota, des bapt\u00eames lapons et des soir\u00e9es de contes ont \u00e9galement eu lieu pendant la saison sans neige. De nombreuses c\u00e9l\u00e9brations, qu\u2019il s\u2019agisse d\u2019anniversaires, de mariages ou de bapt\u00eames, ont \u00e9t\u00e9 organis\u00e9es dans notre kota. La proclamation de la tr\u00eave de No\u00ebl faisait partie du programme pendant pr\u00e8s de 30 ans, mais on a d\u00fb y renoncer en raison de sa trop grande popularit\u00e9. L\u2019\u00e9troite route Yll\u00e4ksentie se remplissait de voitures pendant la proclamation au point d\u2019\u00eatre compl\u00e8tement bloqu\u00e9e, et il y avait une grande crainte qu\u2019un accident s\u2019y produise.<\/p>\n\n\n\n<div class=\"wp-block-media-text alignwide has-media-on-the-right is-stacked-on-mobile\"><div class=\"wp-block-media-text__content\">\n<p>Uuttu-Kalle sculpte \u00e9galement des sorciers depuis des d\u00e9cennies, il sait donc manier la tron\u00e7onneuse. Des temps anciens, il se souvient vivement que lorsque les \u00e9coliers venaient pour les vacances de ski, le froid \u00e9tait toujours mordant, parfois jusqu\u2019\u00e0 -40 degr\u00e9s.<\/p>\n<\/div><figure class=\"wp-block-media-text__media\"><img loading=\"lazy\" decoding=\"async\" width=\"576\" height=\"1024\" src=\"data:image\/gif;base64,R0lGODlhAQABAAAAACH5BAEKAAEALAAAAAABAAEAAAICTAEAOw==\" alt=\"\" class=\"wp-image-75 size-full lazyload\" data-src=\"https:\/\/velhonkota.fi\/wp-content\/uploads\/2019\/02\/velhonkota_etusivu_03-576x1024.jpg\"><\/figure><\/div>\n\n\n\n<div style=\"height:20px\" aria-hidden=\"true\" class=\"wp-block-spacer\"><\/div>\n\n\n\n<p>Kirsti et Uuttu-Kalle ont accompli beaucoup de choses avant que Satu et Jari ne prennent en charge Velhon Kota. La cuisine s\u2019est agrandie, tout comme la gamme de produits propos\u00e9s. En 2017, l\u2019Association des entrepreneurs de Kolari a d\u00e9cern\u00e9 \u00e0 Satu et Jari le titre d\u2019entrepreneurs de l\u2019ann\u00e9e <a href=\"http:\/\/www.kuukkeli.com\/ajanvietetta\/kahvilayrittajyytta-arktisissa-olosuhteissa--kun-sukat-meinaavat-jaatya-lattiaan-6.153.27453.08fcab0545\">http:\/\/www.kuukkeli.com\/ajanvietetta\/kahvilayrittajyytta-arktisissa-olosuhteissa&#8211;kun-sukat-meinaavat-jaatya-lattiaan-6.153.27453.08fcab0545<\/a>, reconnaissant ainsi leur excellent travail pour pr\u00e9server l\u2019atmosph\u00e8re et le succ\u00e8s de Velhon Kota, que tant de personnes viennent encore ressentir et appr\u00e9cier.<\/p>\n\n\n\n<p>\u00c0 l\u2019automne 2018, nous avons v\u00e9cu des moments palpitants. Une fois toutes les formalit\u00e9s r\u00e9gl\u00e9es et les actes de vente sign\u00e9s, la nouvelle du changement de propri\u00e9taire de Velhon Kota a \u00e9t\u00e9 publi\u00e9e dans le journal bimensuel Kuukkeli <a href=\"http:\/\/www.kuukkeli.com\/ajanvietetta\/velhon-kodalla-uusi-luuta-ja-uudet-omistajat-6.153.28326.132fc4d81d\">http:\/\/www.kuukkeli.com\/ajanvietetta\/velhon-kodalla-uusi-luuta-ja-uudet-omistajat-6.153.28326.132fc4d81d<\/a>. Depuis lors, Satu et Anne ont \u00e9t\u00e9 tr\u00e8s occup\u00e9es. Quant \u00e0 Satu et Jari, ils ont d\u00fb r\u00e9fl\u00e9chir \u00e0 quelles pistes de ski ils emprunteraient dans la neige hivernale.<\/p>\n\n\n\n<p><\/p>\n","protected":false},"excerpt":{"rendered":"<p>Des pages de l\u2019histoire racont\u00e9es par Kirsti et Kalervo Uuttu Nous \u00e9tions en 1985 quand Kirsti et Uuttu-Kalle skiaient le jour de la f\u00eate du Travail pour rep\u00e9rer un emplacement pour Velhon Kota, suite \u00e0 l\u2019id\u00e9e de b\u00e2tir leur propre kota lapone. Le p\u00e8re de Kirsti, Einari, avait construit une kota apr\u00e8s les guerres pr\u00e8s [&hellip;]<\/p>\n","protected":false},"author":1,"featured_media":394,"parent":0,"menu_order":0,"comment_status":"closed","ping_status":"closed","template":"","meta":{"_genesis_hide_title":false,"_genesis_hide_breadcrumbs":false,"_genesis_hide_singular_image":false,"_genesis_hide_footer_widgets":false,"_genesis_custom_body_class":"","_genesis_custom_post_class":"","_genesis_layout":"","footnotes":""},"class_list":{"0":"post-392","1":"page","2":"type-page","3":"status-publish","4":"has-post-thumbnail","6":"entry"},"yoast_head":"<!-- This site is optimized with the Yoast SEO plugin v27.4 - https:\/\/yoast.com\/product\/yoast-seo-wordpress\/ -->\n<title>Un peu d\u2019histoire - Velhonkota.fi<\/title>\n<meta name=\"robots\" content=\"index, follow, max-snippet:-1, max-image-preview:large, max-video-preview:-1\" \/>\n<link rel=\"canonical\" href=\"https:\/\/velhonkota.fi\/fr\/un-peu-dhistoire\/\" \/>\n<meta property=\"og:locale\" content=\"fr_FR\" \/>\n<meta property=\"og:type\" content=\"article\" \/>\n<meta property=\"og:title\" content=\"Un peu d\u2019histoire - Velhonkota.fi\" \/>\n<meta property=\"og:description\" content=\"Des pages de l\u2019histoire racont\u00e9es par Kirsti et Kalervo Uuttu Nous \u00e9tions en 1985 quand Kirsti et Uuttu-Kalle skiaient le jour de la f\u00eate du Travail pour rep\u00e9rer un emplacement pour Velhon Kota, suite \u00e0 l\u2019id\u00e9e de b\u00e2tir leur propre kota lapone. Le p\u00e8re de Kirsti, Einari, avait construit une kota apr\u00e8s les guerres pr\u00e8s [&hellip;]\" \/>\n<meta property=\"og:url\" content=\"https:\/\/velhonkota.fi\/fr\/un-peu-dhistoire\/\" \/>\n<meta property=\"og:site_name\" content=\"Velhonkota.fi\" \/>\n<meta property=\"article:modified_time\" content=\"2025-03-11T07:27:30+00:00\" \/>\n<meta property=\"og:image\" content=\"https:\/\/velhonkota.fi\/wp-content\/uploads\/2019\/02\/velhonkota_kahvilamme_tarjoaa_03.jpg\" \/>\n\t<meta property=\"og:image:width\" content=\"1920\" \/>\n\t<meta property=\"og:image:height\" content=\"1080\" \/>\n\t<meta property=\"og:image:type\" content=\"image\/jpeg\" \/>\n<meta name=\"twitter:card\" content=\"summary_large_image\" \/>\n<meta name=\"twitter:label1\" content=\"Dur\u00e9e de lecture estim\u00e9e\" \/>\n\t<meta name=\"twitter:data1\" content=\"6 minutes\" \/>\n<script type=\"application\/ld+json\" class=\"yoast-schema-graph\">{\"@context\":\"https:\\\/\\\/schema.org\",\"@graph\":[{\"@type\":\"WebPage\",\"@id\":\"https:\\\/\\\/velhonkota.fi\\\/fr\\\/un-peu-dhistoire\\\/\",\"url\":\"https:\\\/\\\/velhonkota.fi\\\/fr\\\/un-peu-dhistoire\\\/\",\"name\":\"Un peu d\u2019histoire - Velhonkota.fi\",\"isPartOf\":{\"@id\":\"https:\\\/\\\/velhonkota.fi\\\/#website\"},\"primaryImageOfPage\":{\"@id\":\"https:\\\/\\\/velhonkota.fi\\\/fr\\\/un-peu-dhistoire\\\/#primaryimage\"},\"image\":{\"@id\":\"https:\\\/\\\/velhonkota.fi\\\/fr\\\/un-peu-dhistoire\\\/#primaryimage\"},\"thumbnailUrl\":\"https:\\\/\\\/velhonkota.fi\\\/wp-content\\\/uploads\\\/2019\\\/02\\\/velhonkota_kahvilamme_tarjoaa_03.jpg\",\"datePublished\":\"2019-02-12T13:12:45+00:00\",\"dateModified\":\"2025-03-11T07:27:30+00:00\",\"breadcrumb\":{\"@id\":\"https:\\\/\\\/velhonkota.fi\\\/fr\\\/un-peu-dhistoire\\\/#breadcrumb\"},\"inLanguage\":\"fr-FR\",\"potentialAction\":[{\"@type\":\"ReadAction\",\"target\":[\"https:\\\/\\\/velhonkota.fi\\\/fr\\\/un-peu-dhistoire\\\/\"]}]},{\"@type\":\"ImageObject\",\"inLanguage\":\"fr-FR\",\"@id\":\"https:\\\/\\\/velhonkota.fi\\\/fr\\\/un-peu-dhistoire\\\/#primaryimage\",\"url\":\"https:\\\/\\\/velhonkota.fi\\\/wp-content\\\/uploads\\\/2019\\\/02\\\/velhonkota_kahvilamme_tarjoaa_03.jpg\",\"contentUrl\":\"https:\\\/\\\/velhonkota.fi\\\/wp-content\\\/uploads\\\/2019\\\/02\\\/velhonkota_kahvilamme_tarjoaa_03.jpg\",\"width\":1920,\"height\":1080},{\"@type\":\"BreadcrumbList\",\"@id\":\"https:\\\/\\\/velhonkota.fi\\\/fr\\\/un-peu-dhistoire\\\/#breadcrumb\",\"itemListElement\":[{\"@type\":\"ListItem\",\"position\":1,\"name\":\"Home\",\"item\":\"https:\\\/\\\/velhonkota.fi\\\/fr\\\/\"},{\"@type\":\"ListItem\",\"position\":2,\"name\":\"Un peu d\u2019histoire\"}]},{\"@type\":\"WebSite\",\"@id\":\"https:\\\/\\\/velhonkota.fi\\\/#website\",\"url\":\"https:\\\/\\\/velhonkota.fi\\\/\",\"name\":\"Velhonkota.fi\",\"description\":\"Legendaarinen Velhon Kota\",\"publisher\":{\"@id\":\"https:\\\/\\\/velhonkota.fi\\\/#organization\"},\"potentialAction\":[{\"@type\":\"SearchAction\",\"target\":{\"@type\":\"EntryPoint\",\"urlTemplate\":\"https:\\\/\\\/velhonkota.fi\\\/?s={search_term_string}\"},\"query-input\":{\"@type\":\"PropertyValueSpecification\",\"valueRequired\":true,\"valueName\":\"search_term_string\"}}],\"inLanguage\":\"fr-FR\"},{\"@type\":\"Organization\",\"@id\":\"https:\\\/\\\/velhonkota.fi\\\/#organization\",\"name\":\"Velhonkota.fi\",\"url\":\"https:\\\/\\\/velhonkota.fi\\\/\",\"logo\":{\"@type\":\"ImageObject\",\"inLanguage\":\"fr-FR\",\"@id\":\"https:\\\/\\\/velhonkota.fi\\\/#\\\/schema\\\/logo\\\/image\\\/\",\"url\":\"https:\\\/\\\/velhonkota.fi\\\/wp-content\\\/uploads\\\/2020\\\/11\\\/cropped-Velhon_Kota_logo_72dpi__net_-e1605948675145.png\",\"contentUrl\":\"https:\\\/\\\/velhonkota.fi\\\/wp-content\\\/uploads\\\/2020\\\/11\\\/cropped-Velhon_Kota_logo_72dpi__net_-e1605948675145.png\",\"width\":208,\"height\":119,\"caption\":\"Velhonkota.fi\"},\"image\":{\"@id\":\"https:\\\/\\\/velhonkota.fi\\\/#\\\/schema\\\/logo\\\/image\\\/\"}}]}<\/script>\n<!-- \/ Yoast SEO plugin. -->","yoast_head_json":{"title":"Un peu d\u2019histoire - Velhonkota.fi","robots":{"index":"index","follow":"follow","max-snippet":"max-snippet:-1","max-image-preview":"max-image-preview:large","max-video-preview":"max-video-preview:-1"},"canonical":"https:\/\/velhonkota.fi\/fr\/un-peu-dhistoire\/","og_locale":"fr_FR","og_type":"article","og_title":"Un peu d\u2019histoire - Velhonkota.fi","og_description":"Des pages de l\u2019histoire racont\u00e9es par Kirsti et Kalervo Uuttu Nous \u00e9tions en 1985 quand Kirsti et Uuttu-Kalle skiaient le jour de la f\u00eate du Travail pour rep\u00e9rer un emplacement pour Velhon Kota, suite \u00e0 l\u2019id\u00e9e de b\u00e2tir leur propre kota lapone. Le p\u00e8re de Kirsti, Einari, avait construit une kota apr\u00e8s les guerres pr\u00e8s [&hellip;]","og_url":"https:\/\/velhonkota.fi\/fr\/un-peu-dhistoire\/","og_site_name":"Velhonkota.fi","article_modified_time":"2025-03-11T07:27:30+00:00","og_image":[{"width":1920,"height":1080,"url":"https:\/\/velhonkota.fi\/wp-content\/uploads\/2019\/02\/velhonkota_kahvilamme_tarjoaa_03.jpg","type":"image\/jpeg"}],"twitter_card":"summary_large_image","twitter_misc":{"Dur\u00e9e de lecture estim\u00e9e":"6 minutes"},"schema":{"@context":"https:\/\/schema.org","@graph":[{"@type":"WebPage","@id":"https:\/\/velhonkota.fi\/fr\/un-peu-dhistoire\/","url":"https:\/\/velhonkota.fi\/fr\/un-peu-dhistoire\/","name":"Un peu d\u2019histoire - Velhonkota.fi","isPartOf":{"@id":"https:\/\/velhonkota.fi\/#website"},"primaryImageOfPage":{"@id":"https:\/\/velhonkota.fi\/fr\/un-peu-dhistoire\/#primaryimage"},"image":{"@id":"https:\/\/velhonkota.fi\/fr\/un-peu-dhistoire\/#primaryimage"},"thumbnailUrl":"https:\/\/velhonkota.fi\/wp-content\/uploads\/2019\/02\/velhonkota_kahvilamme_tarjoaa_03.jpg","datePublished":"2019-02-12T13:12:45+00:00","dateModified":"2025-03-11T07:27:30+00:00","breadcrumb":{"@id":"https:\/\/velhonkota.fi\/fr\/un-peu-dhistoire\/#breadcrumb"},"inLanguage":"fr-FR","potentialAction":[{"@type":"ReadAction","target":["https:\/\/velhonkota.fi\/fr\/un-peu-dhistoire\/"]}]},{"@type":"ImageObject","inLanguage":"fr-FR","@id":"https:\/\/velhonkota.fi\/fr\/un-peu-dhistoire\/#primaryimage","url":"https:\/\/velhonkota.fi\/wp-content\/uploads\/2019\/02\/velhonkota_kahvilamme_tarjoaa_03.jpg","contentUrl":"https:\/\/velhonkota.fi\/wp-content\/uploads\/2019\/02\/velhonkota_kahvilamme_tarjoaa_03.jpg","width":1920,"height":1080},{"@type":"BreadcrumbList","@id":"https:\/\/velhonkota.fi\/fr\/un-peu-dhistoire\/#breadcrumb","itemListElement":[{"@type":"ListItem","position":1,"name":"Home","item":"https:\/\/velhonkota.fi\/fr\/"},{"@type":"ListItem","position":2,"name":"Un peu d\u2019histoire"}]},{"@type":"WebSite","@id":"https:\/\/velhonkota.fi\/#website","url":"https:\/\/velhonkota.fi\/","name":"Velhonkota.fi","description":"Legendaarinen Velhon Kota","publisher":{"@id":"https:\/\/velhonkota.fi\/#organization"},"potentialAction":[{"@type":"SearchAction","target":{"@type":"EntryPoint","urlTemplate":"https:\/\/velhonkota.fi\/?s={search_term_string}"},"query-input":{"@type":"PropertyValueSpecification","valueRequired":true,"valueName":"search_term_string"}}],"inLanguage":"fr-FR"},{"@type":"Organization","@id":"https:\/\/velhonkota.fi\/#organization","name":"Velhonkota.fi","url":"https:\/\/velhonkota.fi\/","logo":{"@type":"ImageObject","inLanguage":"fr-FR","@id":"https:\/\/velhonkota.fi\/#\/schema\/logo\/image\/","url":"https:\/\/velhonkota.fi\/wp-content\/uploads\/2020\/11\/cropped-Velhon_Kota_logo_72dpi__net_-e1605948675145.png","contentUrl":"https:\/\/velhonkota.fi\/wp-content\/uploads\/2020\/11\/cropped-Velhon_Kota_logo_72dpi__net_-e1605948675145.png","width":208,"height":119,"caption":"Velhonkota.fi"},"image":{"@id":"https:\/\/velhonkota.fi\/#\/schema\/logo\/image\/"}}]}},"_links":{"self":[{"href":"https:\/\/velhonkota.fi\/fr\/wp-json\/wp\/v2\/pages\/392","targetHints":{"allow":["GET"]}}],"collection":[{"href":"https:\/\/velhonkota.fi\/fr\/wp-json\/wp\/v2\/pages"}],"about":[{"href":"https:\/\/velhonkota.fi\/fr\/wp-json\/wp\/v2\/types\/page"}],"author":[{"embeddable":true,"href":"https:\/\/velhonkota.fi\/fr\/wp-json\/wp\/v2\/users\/1"}],"replies":[{"embeddable":true,"href":"https:\/\/velhonkota.fi\/fr\/wp-json\/wp\/v2\/comments?post=392"}],"version-history":[{"count":1,"href":"https:\/\/velhonkota.fi\/fr\/wp-json\/wp\/v2\/pages\/392\/revisions"}],"predecessor-version":[{"id":395,"href":"https:\/\/velhonkota.fi\/fr\/wp-json\/wp\/v2\/pages\/392\/revisions\/395"}],"wp:featuredmedia":[{"embeddable":true,"href":"https:\/\/velhonkota.fi\/fr\/wp-json\/wp\/v2\/media\/394"}],"wp:attachment":[{"href":"https:\/\/velhonkota.fi\/fr\/wp-json\/wp\/v2\/media?parent=392"}],"curies":[{"name":"wp","href":"https:\/\/api.w.org\/{rel}","templated":true}]}}