{"id":384,"date":"2019-02-08T14:27:55","date_gmt":"2019-02-08T12:27:55","guid":{"rendered":"https:\/\/velhonkota.fi\/kahvilamme-tarjoaa\/"},"modified":"2025-03-11T09:27:19","modified_gmt":"2025-03-11T07:27:19","slug":"notre-cafe-vous-propose","status":"publish","type":"page","link":"https:\/\/velhonkota.fi\/fr\/notre-cafe-vous-propose\/","title":{"rendered":"Notre caf\u00e9 vous propose"},"content":{"rendered":"\n<p>Du caf\u00e9 pr\u00e9par\u00e9 dans une cafeti\u00e8re traditionnelle, ainsi que d\u2019autres boissons chaudes et froides. Des beignets faits maison, des cr\u00eapes sal\u00e9es et sucr\u00e9es et autres p\u00e2tisseries\u00a0; des sandwichs avec diff\u00e9rentes garnitures et d\u2019autres en-cas sal\u00e9s. La plupart de nos d\u00e9lices sont pr\u00e9par\u00e9s par nos soins, mais nous nous approvisionnons \u00e9galement aupr\u00e8s de la boulangerie du coin. Nous proposons aussi des options sans lactose et sans gluten.<\/p>\n\n\n\n<p>Les baies sauvages et les herbes que nous utilisons sont cueillies dans la nature environnante, elles tirent leurs ar\u00f4mes du soleil de minuit. Nous r\u00e9coltons nous-m\u00eames les baies et les herbes ou les achetons directement aux cueilleurs locaux, sans interm\u00e9diaires.<\/p>\n\n\n\n<p>Notre vaisselle est \u00e9cologique\u00a0: les produits de la marque Kupilka sont con\u00e7us \u00e0 Liperi et fabriqu\u00e9s \u00e0 Kontiolahti, en Car\u00e9lie du Nord <a href=\"https:\/\/kupilka.fi\/\">https:\/\/kupilka.fi\/<\/a>.<\/p>\n\n\n\n<p>Nous proposons une petite s\u00e9lection de produits naturels\u00a0; KipakkaKettu\u00a0: fils teints avec des plantes et des champignons, poudre de myrtille, en-cas aux myrtilles\u00a0; Marjatassu\u00a0: de merveilleux savons \u00e9cologiques faits \u00e0 la main et de la pommade \u00e0 la r\u00e9sine\u00a0; Les d\u00e9licieuses guimauves selon la recette sp\u00e9ciale de Mella, fabriqu\u00e9es \u00e0 partir de baies provenant de Muonio.<\/p>\n\n\n\n<p>Tous les d\u00e9chets sont recycl\u00e9s dans notre caf\u00e9 et un point de recyclage est mis \u00e0 la disposition de nos clients lorsqu\u2019ils rapportent leur vaisselle. Nous avons notre propre composteur, les d\u00e9chets combustibles sont br\u00fbl\u00e9s et le plastique, le m\u00e9tal et le verre sont amen\u00e9s aux points de recyclage.<\/p>\n\n\n\n<p>Notre kota peut \u00e9galement \u00eatre privatis\u00e9e en dehors des heures d\u2019ouverture habituelles\u00a0; pour plus d\u2019informations, contactez-nous par t\u00e9l\u00e9phone au +358\u00a0(0)\u00a040\u00a07470614 ou par email \u00e0 info@velhonkota.fi<\/p>\n\n\n\n<figure class=\"wp-block-image size-large\"><img loading=\"lazy\" decoding=\"async\" width=\"1024\" height=\"698\" src=\"data:image\/gif;base64,R0lGODlhAQABAAAAACH5BAEKAAEALAAAAAABAAEAAAICTAEAOw==\" alt=\"\" class=\"wp-image-237 lazyload\" sizes=\"auto, (max-width: 1024px) 100vw, 1024px\" data-src=\"https:\/\/velhonkota.fi\/wp-content\/uploads\/2020\/11\/tarjoaa2-1024x698.jpg\" data-srcset=\"https:\/\/velhonkota.fi\/wp-content\/uploads\/2020\/11\/tarjoaa2-1024x698.jpg 1024w, https:\/\/velhonkota.fi\/wp-content\/uploads\/2020\/11\/tarjoaa2-300x204.jpg 300w, https:\/\/velhonkota.fi\/wp-content\/uploads\/2020\/11\/tarjoaa2-768x524.jpg 768w, https:\/\/velhonkota.fi\/wp-content\/uploads\/2020\/11\/tarjoaa2-1536x1047.jpg 1536w, https:\/\/velhonkota.fi\/wp-content\/uploads\/2020\/11\/tarjoaa2.jpg 2048w\"><\/figure>\n\n\n\n<figure class=\"wp-block-image size-large\"><img loading=\"lazy\" decoding=\"async\" width=\"1024\" height=\"729\" src=\"data:image\/gif;base64,R0lGODlhAQABAAAAACH5BAEKAAEALAAAAAABAAEAAAICTAEAOw==\" alt=\"\" class=\"wp-image-239 lazyload\" sizes=\"auto, (max-width: 1024px) 100vw, 1024px\" data-src=\"https:\/\/velhonkota.fi\/wp-content\/uploads\/2020\/11\/tarjoaa3-1024x729.jpg\" data-srcset=\"https:\/\/velhonkota.fi\/wp-content\/uploads\/2020\/11\/tarjoaa3-1024x729.jpg 1024w, https:\/\/velhonkota.fi\/wp-content\/uploads\/2020\/11\/tarjoaa3-300x213.jpg 300w, https:\/\/velhonkota.fi\/wp-content\/uploads\/2020\/11\/tarjoaa3-768x546.jpg 768w, https:\/\/velhonkota.fi\/wp-content\/uploads\/2020\/11\/tarjoaa3-1536x1093.jpg 1536w, https:\/\/velhonkota.fi\/wp-content\/uploads\/2020\/11\/tarjoaa3.jpg 2048w\"><\/figure>\n","protected":false},"excerpt":{"rendered":"<p>Du caf\u00e9 pr\u00e9par\u00e9 dans une cafeti\u00e8re traditionnelle, ainsi que d\u2019autres boissons chaudes et froides. Des beignets faits maison, des cr\u00eapes sal\u00e9es et sucr\u00e9es et autres p\u00e2tisseries\u00a0; des sandwichs avec diff\u00e9rentes garnitures et d\u2019autres en-cas sal\u00e9s. La plupart de nos d\u00e9lices sont pr\u00e9par\u00e9s par nos soins, mais nous nous approvisionnons \u00e9galement aupr\u00e8s de la boulangerie du [&hellip;]<\/p>\n","protected":false},"author":1,"featured_media":385,"parent":0,"menu_order":0,"comment_status":"closed","ping_status":"closed","template":"","meta":{"_genesis_hide_title":false,"_genesis_hide_breadcrumbs":false,"_genesis_hide_singular_image":false,"_genesis_hide_footer_widgets":false,"_genesis_custom_body_class":"","_genesis_custom_post_class":"","_genesis_layout":"","footnotes":""},"class_list":{"0":"post-384","1":"page","2":"type-page","3":"status-publish","4":"has-post-thumbnail","6":"entry"},"yoast_head":"<!-- This site is optimized with the Yoast SEO plugin v27.4 - https:\/\/yoast.com\/product\/yoast-seo-wordpress\/ -->\n<title>Notre caf\u00e9 vous propose - Velhonkota.fi<\/title>\n<meta name=\"robots\" content=\"index, follow, max-snippet:-1, max-image-preview:large, max-video-preview:-1\" \/>\n<link rel=\"canonical\" href=\"https:\/\/velhonkota.fi\/fr\/notre-cafe-vous-propose\/\" \/>\n<meta property=\"og:locale\" content=\"fr_FR\" \/>\n<meta property=\"og:type\" content=\"article\" \/>\n<meta property=\"og:title\" content=\"Notre caf\u00e9 vous propose - Velhonkota.fi\" \/>\n<meta property=\"og:description\" content=\"Du caf\u00e9 pr\u00e9par\u00e9 dans une cafeti\u00e8re traditionnelle, ainsi que d\u2019autres boissons chaudes et froides. Des beignets faits maison, des cr\u00eapes sal\u00e9es et sucr\u00e9es et autres p\u00e2tisseries\u00a0; des sandwichs avec diff\u00e9rentes garnitures et d\u2019autres en-cas sal\u00e9s. La plupart de nos d\u00e9lices sont pr\u00e9par\u00e9s par nos soins, mais nous nous approvisionnons \u00e9galement aupr\u00e8s de la boulangerie du [&hellip;]\" \/>\n<meta property=\"og:url\" content=\"https:\/\/velhonkota.fi\/fr\/notre-cafe-vous-propose\/\" \/>\n<meta property=\"og:site_name\" content=\"Velhonkota.fi\" \/>\n<meta property=\"article:modified_time\" content=\"2025-03-11T07:27:19+00:00\" \/>\n<meta property=\"og:image\" content=\"https:\/\/velhonkota.fi\/wp-content\/uploads\/2019\/02\/velhonkota_kahvilamme_tarjoaa_02.jpg\" \/>\n\t<meta property=\"og:image:width\" content=\"1920\" \/>\n\t<meta property=\"og:image:height\" content=\"1080\" \/>\n\t<meta property=\"og:image:type\" content=\"image\/jpeg\" \/>\n<meta name=\"twitter:card\" content=\"summary_large_image\" \/>\n<meta name=\"twitter:label1\" content=\"Dur\u00e9e de lecture estim\u00e9e\" \/>\n\t<meta name=\"twitter:data1\" content=\"1 minute\" \/>\n<script type=\"application\/ld+json\" class=\"yoast-schema-graph\">{\"@context\":\"https:\\\/\\\/schema.org\",\"@graph\":[{\"@type\":\"WebPage\",\"@id\":\"https:\\\/\\\/velhonkota.fi\\\/fr\\\/notre-cafe-vous-propose\\\/\",\"url\":\"https:\\\/\\\/velhonkota.fi\\\/fr\\\/notre-cafe-vous-propose\\\/\",\"name\":\"Notre caf\u00e9 vous propose - Velhonkota.fi\",\"isPartOf\":{\"@id\":\"https:\\\/\\\/velhonkota.fi\\\/#website\"},\"primaryImageOfPage\":{\"@id\":\"https:\\\/\\\/velhonkota.fi\\\/fr\\\/notre-cafe-vous-propose\\\/#primaryimage\"},\"image\":{\"@id\":\"https:\\\/\\\/velhonkota.fi\\\/fr\\\/notre-cafe-vous-propose\\\/#primaryimage\"},\"thumbnailUrl\":\"https:\\\/\\\/velhonkota.fi\\\/wp-content\\\/uploads\\\/2019\\\/02\\\/velhonkota_kahvilamme_tarjoaa_02.jpg\",\"datePublished\":\"2019-02-08T12:27:55+00:00\",\"dateModified\":\"2025-03-11T07:27:19+00:00\",\"breadcrumb\":{\"@id\":\"https:\\\/\\\/velhonkota.fi\\\/fr\\\/notre-cafe-vous-propose\\\/#breadcrumb\"},\"inLanguage\":\"fr-FR\",\"potentialAction\":[{\"@type\":\"ReadAction\",\"target\":[\"https:\\\/\\\/velhonkota.fi\\\/fr\\\/notre-cafe-vous-propose\\\/\"]}]},{\"@type\":\"ImageObject\",\"inLanguage\":\"fr-FR\",\"@id\":\"https:\\\/\\\/velhonkota.fi\\\/fr\\\/notre-cafe-vous-propose\\\/#primaryimage\",\"url\":\"https:\\\/\\\/velhonkota.fi\\\/wp-content\\\/uploads\\\/2019\\\/02\\\/velhonkota_kahvilamme_tarjoaa_02.jpg\",\"contentUrl\":\"https:\\\/\\\/velhonkota.fi\\\/wp-content\\\/uploads\\\/2019\\\/02\\\/velhonkota_kahvilamme_tarjoaa_02.jpg\",\"width\":1920,\"height\":1080},{\"@type\":\"BreadcrumbList\",\"@id\":\"https:\\\/\\\/velhonkota.fi\\\/fr\\\/notre-cafe-vous-propose\\\/#breadcrumb\",\"itemListElement\":[{\"@type\":\"ListItem\",\"position\":1,\"name\":\"Home\",\"item\":\"https:\\\/\\\/velhonkota.fi\\\/fr\\\/\"},{\"@type\":\"ListItem\",\"position\":2,\"name\":\"Notre caf\u00e9 vous propose\"}]},{\"@type\":\"WebSite\",\"@id\":\"https:\\\/\\\/velhonkota.fi\\\/#website\",\"url\":\"https:\\\/\\\/velhonkota.fi\\\/\",\"name\":\"Velhonkota.fi\",\"description\":\"Legendaarinen Velhon Kota\",\"publisher\":{\"@id\":\"https:\\\/\\\/velhonkota.fi\\\/#organization\"},\"potentialAction\":[{\"@type\":\"SearchAction\",\"target\":{\"@type\":\"EntryPoint\",\"urlTemplate\":\"https:\\\/\\\/velhonkota.fi\\\/?s={search_term_string}\"},\"query-input\":{\"@type\":\"PropertyValueSpecification\",\"valueRequired\":true,\"valueName\":\"search_term_string\"}}],\"inLanguage\":\"fr-FR\"},{\"@type\":\"Organization\",\"@id\":\"https:\\\/\\\/velhonkota.fi\\\/#organization\",\"name\":\"Velhonkota.fi\",\"url\":\"https:\\\/\\\/velhonkota.fi\\\/\",\"logo\":{\"@type\":\"ImageObject\",\"inLanguage\":\"fr-FR\",\"@id\":\"https:\\\/\\\/velhonkota.fi\\\/#\\\/schema\\\/logo\\\/image\\\/\",\"url\":\"https:\\\/\\\/velhonkota.fi\\\/wp-content\\\/uploads\\\/2020\\\/11\\\/cropped-Velhon_Kota_logo_72dpi__net_-e1605948675145.png\",\"contentUrl\":\"https:\\\/\\\/velhonkota.fi\\\/wp-content\\\/uploads\\\/2020\\\/11\\\/cropped-Velhon_Kota_logo_72dpi__net_-e1605948675145.png\",\"width\":208,\"height\":119,\"caption\":\"Velhonkota.fi\"},\"image\":{\"@id\":\"https:\\\/\\\/velhonkota.fi\\\/#\\\/schema\\\/logo\\\/image\\\/\"}}]}<\/script>\n<!-- \/ Yoast SEO plugin. -->","yoast_head_json":{"title":"Notre caf\u00e9 vous propose - Velhonkota.fi","robots":{"index":"index","follow":"follow","max-snippet":"max-snippet:-1","max-image-preview":"max-image-preview:large","max-video-preview":"max-video-preview:-1"},"canonical":"https:\/\/velhonkota.fi\/fr\/notre-cafe-vous-propose\/","og_locale":"fr_FR","og_type":"article","og_title":"Notre caf\u00e9 vous propose - Velhonkota.fi","og_description":"Du caf\u00e9 pr\u00e9par\u00e9 dans une cafeti\u00e8re traditionnelle, ainsi que d\u2019autres boissons chaudes et froides. Des beignets faits maison, des cr\u00eapes sal\u00e9es et sucr\u00e9es et autres p\u00e2tisseries\u00a0; des sandwichs avec diff\u00e9rentes garnitures et d\u2019autres en-cas sal\u00e9s. La plupart de nos d\u00e9lices sont pr\u00e9par\u00e9s par nos soins, mais nous nous approvisionnons \u00e9galement aupr\u00e8s de la boulangerie du [&hellip;]","og_url":"https:\/\/velhonkota.fi\/fr\/notre-cafe-vous-propose\/","og_site_name":"Velhonkota.fi","article_modified_time":"2025-03-11T07:27:19+00:00","og_image":[{"width":1920,"height":1080,"url":"https:\/\/velhonkota.fi\/wp-content\/uploads\/2019\/02\/velhonkota_kahvilamme_tarjoaa_02.jpg","type":"image\/jpeg"}],"twitter_card":"summary_large_image","twitter_misc":{"Dur\u00e9e de lecture estim\u00e9e":"1 minute"},"schema":{"@context":"https:\/\/schema.org","@graph":[{"@type":"WebPage","@id":"https:\/\/velhonkota.fi\/fr\/notre-cafe-vous-propose\/","url":"https:\/\/velhonkota.fi\/fr\/notre-cafe-vous-propose\/","name":"Notre caf\u00e9 vous propose - Velhonkota.fi","isPartOf":{"@id":"https:\/\/velhonkota.fi\/#website"},"primaryImageOfPage":{"@id":"https:\/\/velhonkota.fi\/fr\/notre-cafe-vous-propose\/#primaryimage"},"image":{"@id":"https:\/\/velhonkota.fi\/fr\/notre-cafe-vous-propose\/#primaryimage"},"thumbnailUrl":"https:\/\/velhonkota.fi\/wp-content\/uploads\/2019\/02\/velhonkota_kahvilamme_tarjoaa_02.jpg","datePublished":"2019-02-08T12:27:55+00:00","dateModified":"2025-03-11T07:27:19+00:00","breadcrumb":{"@id":"https:\/\/velhonkota.fi\/fr\/notre-cafe-vous-propose\/#breadcrumb"},"inLanguage":"fr-FR","potentialAction":[{"@type":"ReadAction","target":["https:\/\/velhonkota.fi\/fr\/notre-cafe-vous-propose\/"]}]},{"@type":"ImageObject","inLanguage":"fr-FR","@id":"https:\/\/velhonkota.fi\/fr\/notre-cafe-vous-propose\/#primaryimage","url":"https:\/\/velhonkota.fi\/wp-content\/uploads\/2019\/02\/velhonkota_kahvilamme_tarjoaa_02.jpg","contentUrl":"https:\/\/velhonkota.fi\/wp-content\/uploads\/2019\/02\/velhonkota_kahvilamme_tarjoaa_02.jpg","width":1920,"height":1080},{"@type":"BreadcrumbList","@id":"https:\/\/velhonkota.fi\/fr\/notre-cafe-vous-propose\/#breadcrumb","itemListElement":[{"@type":"ListItem","position":1,"name":"Home","item":"https:\/\/velhonkota.fi\/fr\/"},{"@type":"ListItem","position":2,"name":"Notre caf\u00e9 vous propose"}]},{"@type":"WebSite","@id":"https:\/\/velhonkota.fi\/#website","url":"https:\/\/velhonkota.fi\/","name":"Velhonkota.fi","description":"Legendaarinen Velhon Kota","publisher":{"@id":"https:\/\/velhonkota.fi\/#organization"},"potentialAction":[{"@type":"SearchAction","target":{"@type":"EntryPoint","urlTemplate":"https:\/\/velhonkota.fi\/?s={search_term_string}"},"query-input":{"@type":"PropertyValueSpecification","valueRequired":true,"valueName":"search_term_string"}}],"inLanguage":"fr-FR"},{"@type":"Organization","@id":"https:\/\/velhonkota.fi\/#organization","name":"Velhonkota.fi","url":"https:\/\/velhonkota.fi\/","logo":{"@type":"ImageObject","inLanguage":"fr-FR","@id":"https:\/\/velhonkota.fi\/#\/schema\/logo\/image\/","url":"https:\/\/velhonkota.fi\/wp-content\/uploads\/2020\/11\/cropped-Velhon_Kota_logo_72dpi__net_-e1605948675145.png","contentUrl":"https:\/\/velhonkota.fi\/wp-content\/uploads\/2020\/11\/cropped-Velhon_Kota_logo_72dpi__net_-e1605948675145.png","width":208,"height":119,"caption":"Velhonkota.fi"},"image":{"@id":"https:\/\/velhonkota.fi\/#\/schema\/logo\/image\/"}}]}},"_links":{"self":[{"href":"https:\/\/velhonkota.fi\/fr\/wp-json\/wp\/v2\/pages\/384","targetHints":{"allow":["GET"]}}],"collection":[{"href":"https:\/\/velhonkota.fi\/fr\/wp-json\/wp\/v2\/pages"}],"about":[{"href":"https:\/\/velhonkota.fi\/fr\/wp-json\/wp\/v2\/types\/page"}],"author":[{"embeddable":true,"href":"https:\/\/velhonkota.fi\/fr\/wp-json\/wp\/v2\/users\/1"}],"replies":[{"embeddable":true,"href":"https:\/\/velhonkota.fi\/fr\/wp-json\/wp\/v2\/comments?post=384"}],"version-history":[{"count":1,"href":"https:\/\/velhonkota.fi\/fr\/wp-json\/wp\/v2\/pages\/384\/revisions"}],"predecessor-version":[{"id":386,"href":"https:\/\/velhonkota.fi\/fr\/wp-json\/wp\/v2\/pages\/384\/revisions\/386"}],"wp:featuredmedia":[{"embeddable":true,"href":"https:\/\/velhonkota.fi\/fr\/wp-json\/wp\/v2\/media\/385"}],"wp:attachment":[{"href":"https:\/\/velhonkota.fi\/fr\/wp-json\/wp\/v2\/media?parent=384"}],"curies":[{"name":"wp","href":"https:\/\/api.w.org\/{rel}","templated":true}]}}