{"id":381,"date":"2019-02-05T12:16:35","date_gmt":"2019-02-05T10:16:35","guid":{"rendered":"https:\/\/velhonkota.fi\/etusivu\/"},"modified":"2025-03-11T09:16:48","modified_gmt":"2025-03-11T07:16:48","slug":"etusivu","status":"publish","type":"page","link":"https:\/\/velhonkota.fi\/fr\/","title":{"rendered":"Accueil"},"content":{"rendered":"\n<h3 class=\"wp-block-heading\">Bienvenue \u00e0 la l\u00e9gendaire Velhon Kota \u00e0 Yll\u00e4s&nbsp;!<\/h3>\n\n\n\n<p>Venez d\u00e9couvrir la beaut\u00e9 de la nuit polaire, la neige abondante de l\u2019hiver et les premiers rayons du soleil, la lumi\u00e8re du printemps et ses \u00e9tendues de neige scintillantes, la verdure et le chant des oiseaux du d\u00e9but de l\u2019\u00e9t\u00e9, la nuit blanche du solstice d\u2019\u00e9t\u00e9 et les fruits de la nature m\u00fbris par le soleil, les couleurs flamboyantes de l\u2019automne et les premi\u00e8res neiges de l\u2019hiver naissant.<\/p>\n\n\n\n<p>Entrez dans l\u2019ambiance chaleureuse de notre kota, laissez-vous enchanter par la flamme des bougies, la lueur du feu de chemin\u00e9e et abandonnez-vous \u00e0 la magie du lieu.<\/p>\n\n\n\n<p>Go\u00fbtez aux d\u00e9lices de notre cuisine et de la boulangerie du coin, des en-cas sucr\u00e9s et sal\u00e9s accompagn\u00e9s d\u2019une boisson chaude servie dans un kuksa Kupilka.<\/p>\n\n\n\n<p>Bienvenue \u00e0 la l\u00e9gendaire Velhon Kota \u00e0 Yll\u00e4s&nbsp;!<\/p>\n\n\n\n<p><em>L\u2019Auberge<\/em><em><\/em><\/p>\n\n\n\n<p><em>L\u2019auberge est un foyer pour tous ceux qui viennent<\/em><em><\/em><\/p>\n\n\n\n<p><em>L\u2019auberge est un foyer pour tous ceux qui s\u2019en vont<\/em><em><\/em><\/p>\n\n\n\n<p><em>Que tu viennes de pr\u00e8s, de loin ou de l\u2019autre c\u00f4t\u00e9 du mont<\/em><em><\/em><\/p>\n\n\n\n<p><em>La porte de l\u2019auberge n\u2019a point de loquet<\/em><em><\/em><\/p>\n\n\n\n<p><em>L\u2019horloge de l\u2019auberge mesure le temps pour tous<\/em><em><\/em><\/p>\n\n\n\n<p><em>Dans la salle de l\u2019auberge se trouve la magie de la vie<\/em><em><\/em><\/p>\n\n\n\n<p><em>La table de l\u2019auberge nourrit de nombreuses bouches<\/em><em><\/em><\/p>\n\n\n\n<p><em>Bienvenue&nbsp;: voyageur, prends place<\/em><em><\/em><\/p>\n\n\n\n<p><em>Dans la salle de l\u2019auberge, tu rencontres \u00e9trangers et amis<\/em><em><\/em><\/p>\n\n\n\n<p><em>Sur le banc de l\u2019auberge, on entend les meilleures histoires<\/em><em><\/em><\/p>\n\n\n\n<p><em>Les r\u00e9cits les plus frais colport\u00e9s d\u2019au-del\u00e0 des monts<\/em><em><\/em><\/p>\n\n\n\n<p><em>Des nouvelles lointaines, comment va le monde<\/em><em><\/em><\/p>\n\n\n\n<p><em>Uuttu-Kalle<\/em><em><\/em><\/p>\n\n\n\n<h3 class=\"wp-block-heading\"><strong>Coordonn\u00e9es<\/strong><\/h3>\n\n\n\n<p>Velhon Kota Oy<\/p>\n\n\n\n<p>Satu Kostet et Anne Pantsu<\/p>\n\n\n\n<p>T\u00e9l +358&nbsp;407015092<\/p>\n\n\n\n<p><a href=\"mailto:info@velhonkota.fi\">info@velhonkota.fi<\/a><\/p>\n\n\n\n<p><strong>Heures d\u2019ouverture<\/strong><\/p>\n\n\n\n<p>Des modifications d\u2019horaires peuvent survenir, nous vous tiendrons inform\u00e9s via nos pages Facebook et Instagram.<\/p>\n\n\n\n<p>Nous acceptons les paiements par carte bancaire et en esp\u00e8ces.<\/p>\n","protected":false},"excerpt":{"rendered":"<p>Bienvenue \u00e0 la l\u00e9gendaire Velhon Kota \u00e0 Yll\u00e4s&nbsp;! Venez d\u00e9couvrir la beaut\u00e9 de la nuit polaire, la neige abondante de l\u2019hiver et les premiers rayons du soleil, la lumi\u00e8re du printemps et ses \u00e9tendues de neige scintillantes, la verdure et le chant des oiseaux du d\u00e9but de l\u2019\u00e9t\u00e9, la nuit blanche du solstice d\u2019\u00e9t\u00e9 et [&hellip;]<\/p>\n","protected":false},"author":1,"featured_media":0,"parent":0,"menu_order":0,"comment_status":"closed","ping_status":"closed","template":"","meta":{"_genesis_hide_title":false,"_genesis_hide_breadcrumbs":false,"_genesis_hide_singular_image":false,"_genesis_hide_footer_widgets":false,"_genesis_custom_body_class":"","_genesis_custom_post_class":"","_genesis_layout":"","footnotes":""},"class_list":{"0":"post-381","1":"page","2":"type-page","3":"status-publish","5":"entry"},"yoast_head":"<!-- This site is optimized with the Yoast SEO plugin v27.5 - https:\/\/yoast.com\/product\/yoast-seo-wordpress\/ -->\n<title>Velhon Kota toivottaa sinut tervetulleeksi Yll\u00e4kselle!<\/title>\n<meta name=\"description\" content=\"Velhon Kota - koe Yll\u00e4ksen taika! Onpa suunnitelmissasi hiihto, patikointi tai maastopy\u00f6r\u00e4ily Lapissa, Uuttu-Kallen perustamalla Velhon Kota palvelee sinua.\" \/>\n<meta name=\"robots\" content=\"index, follow, max-snippet:-1, max-image-preview:large, max-video-preview:-1\" \/>\n<link rel=\"canonical\" href=\"https:\/\/velhonkota.fi\/fr\/\" \/>\n<meta property=\"og:locale\" content=\"fr_FR\" \/>\n<meta property=\"og:type\" content=\"article\" \/>\n<meta property=\"og:title\" content=\"Velhon Kota toivottaa sinut tervetulleeksi Yll\u00e4kselle!\" \/>\n<meta property=\"og:description\" content=\"Velhon Kota - koe Yll\u00e4ksen taika! Onpa suunnitelmissasi hiihto, patikointi tai maastopy\u00f6r\u00e4ily Lapissa, Uuttu-Kallen perustamalla Velhon Kota palvelee sinua.\" \/>\n<meta property=\"og:url\" content=\"https:\/\/velhonkota.fi\/fr\/\" \/>\n<meta property=\"og:site_name\" content=\"Velhonkota.fi\" \/>\n<meta property=\"article:modified_time\" content=\"2025-03-11T07:16:48+00:00\" \/>\n<meta name=\"twitter:card\" content=\"summary_large_image\" \/>\n<meta name=\"twitter:label1\" content=\"Dur\u00e9e de lecture estim\u00e9e\" \/>\n\t<meta name=\"twitter:data1\" content=\"2 minutes\" \/>\n<script type=\"application\/ld+json\" class=\"yoast-schema-graph\">{\"@context\":\"https:\\\/\\\/schema.org\",\"@graph\":[{\"@type\":\"WebPage\",\"@id\":\"https:\\\/\\\/velhonkota.fi\\\/fr\\\/\",\"url\":\"https:\\\/\\\/velhonkota.fi\\\/fr\\\/\",\"name\":\"Velhon Kota toivottaa sinut tervetulleeksi Yll\u00e4kselle!\",\"isPartOf\":{\"@id\":\"https:\\\/\\\/velhonkota.fi\\\/#website\"},\"datePublished\":\"2019-02-05T10:16:35+00:00\",\"dateModified\":\"2025-03-11T07:16:48+00:00\",\"description\":\"Velhon Kota - koe Yll\u00e4ksen taika! Onpa suunnitelmissasi hiihto, patikointi tai maastopy\u00f6r\u00e4ily Lapissa, Uuttu-Kallen perustamalla Velhon Kota palvelee sinua.\",\"breadcrumb\":{\"@id\":\"https:\\\/\\\/velhonkota.fi\\\/fr\\\/#breadcrumb\"},\"inLanguage\":\"fr-FR\",\"potentialAction\":[{\"@type\":\"ReadAction\",\"target\":[\"https:\\\/\\\/velhonkota.fi\\\/fr\\\/\"]}]},{\"@type\":\"BreadcrumbList\",\"@id\":\"https:\\\/\\\/velhonkota.fi\\\/fr\\\/#breadcrumb\",\"itemListElement\":[{\"@type\":\"ListItem\",\"position\":1,\"name\":\"Home\",\"item\":\"https:\\\/\\\/velhonkota.fi\\\/fr\\\/\"},{\"@type\":\"ListItem\",\"position\":2,\"name\":\"Accueil\"}]},{\"@type\":\"WebSite\",\"@id\":\"https:\\\/\\\/velhonkota.fi\\\/#website\",\"url\":\"https:\\\/\\\/velhonkota.fi\\\/\",\"name\":\"Velhonkota.fi\",\"description\":\"Legendaarinen Velhon Kota\",\"publisher\":{\"@id\":\"https:\\\/\\\/velhonkota.fi\\\/#organization\"},\"potentialAction\":[{\"@type\":\"SearchAction\",\"target\":{\"@type\":\"EntryPoint\",\"urlTemplate\":\"https:\\\/\\\/velhonkota.fi\\\/?s={search_term_string}\"},\"query-input\":{\"@type\":\"PropertyValueSpecification\",\"valueRequired\":true,\"valueName\":\"search_term_string\"}}],\"inLanguage\":\"fr-FR\"},{\"@type\":\"Organization\",\"@id\":\"https:\\\/\\\/velhonkota.fi\\\/#organization\",\"name\":\"Velhonkota.fi\",\"url\":\"https:\\\/\\\/velhonkota.fi\\\/\",\"logo\":{\"@type\":\"ImageObject\",\"inLanguage\":\"fr-FR\",\"@id\":\"https:\\\/\\\/velhonkota.fi\\\/#\\\/schema\\\/logo\\\/image\\\/\",\"url\":\"https:\\\/\\\/velhonkota.fi\\\/wp-content\\\/uploads\\\/2020\\\/11\\\/cropped-Velhon_Kota_logo_72dpi__net_-e1605948675145.png\",\"contentUrl\":\"https:\\\/\\\/velhonkota.fi\\\/wp-content\\\/uploads\\\/2020\\\/11\\\/cropped-Velhon_Kota_logo_72dpi__net_-e1605948675145.png\",\"width\":208,\"height\":119,\"caption\":\"Velhonkota.fi\"},\"image\":{\"@id\":\"https:\\\/\\\/velhonkota.fi\\\/#\\\/schema\\\/logo\\\/image\\\/\"}}]}<\/script>\n<!-- \/ Yoast SEO plugin. -->","yoast_head_json":{"title":"Velhon Kota toivottaa sinut tervetulleeksi Yll\u00e4kselle!","description":"Velhon Kota - koe Yll\u00e4ksen taika! Onpa suunnitelmissasi hiihto, patikointi tai maastopy\u00f6r\u00e4ily Lapissa, Uuttu-Kallen perustamalla Velhon Kota palvelee sinua.","robots":{"index":"index","follow":"follow","max-snippet":"max-snippet:-1","max-image-preview":"max-image-preview:large","max-video-preview":"max-video-preview:-1"},"canonical":"https:\/\/velhonkota.fi\/fr\/","og_locale":"fr_FR","og_type":"article","og_title":"Velhon Kota toivottaa sinut tervetulleeksi Yll\u00e4kselle!","og_description":"Velhon Kota - koe Yll\u00e4ksen taika! Onpa suunnitelmissasi hiihto, patikointi tai maastopy\u00f6r\u00e4ily Lapissa, Uuttu-Kallen perustamalla Velhon Kota palvelee sinua.","og_url":"https:\/\/velhonkota.fi\/fr\/","og_site_name":"Velhonkota.fi","article_modified_time":"2025-03-11T07:16:48+00:00","twitter_card":"summary_large_image","twitter_misc":{"Dur\u00e9e de lecture estim\u00e9e":"2 minutes"},"schema":{"@context":"https:\/\/schema.org","@graph":[{"@type":"WebPage","@id":"https:\/\/velhonkota.fi\/fr\/","url":"https:\/\/velhonkota.fi\/fr\/","name":"Velhon Kota toivottaa sinut tervetulleeksi Yll\u00e4kselle!","isPartOf":{"@id":"https:\/\/velhonkota.fi\/#website"},"datePublished":"2019-02-05T10:16:35+00:00","dateModified":"2025-03-11T07:16:48+00:00","description":"Velhon Kota - koe Yll\u00e4ksen taika! Onpa suunnitelmissasi hiihto, patikointi tai maastopy\u00f6r\u00e4ily Lapissa, Uuttu-Kallen perustamalla Velhon Kota palvelee sinua.","breadcrumb":{"@id":"https:\/\/velhonkota.fi\/fr\/#breadcrumb"},"inLanguage":"fr-FR","potentialAction":[{"@type":"ReadAction","target":["https:\/\/velhonkota.fi\/fr\/"]}]},{"@type":"BreadcrumbList","@id":"https:\/\/velhonkota.fi\/fr\/#breadcrumb","itemListElement":[{"@type":"ListItem","position":1,"name":"Home","item":"https:\/\/velhonkota.fi\/fr\/"},{"@type":"ListItem","position":2,"name":"Accueil"}]},{"@type":"WebSite","@id":"https:\/\/velhonkota.fi\/#website","url":"https:\/\/velhonkota.fi\/","name":"Velhonkota.fi","description":"Legendaarinen Velhon Kota","publisher":{"@id":"https:\/\/velhonkota.fi\/#organization"},"potentialAction":[{"@type":"SearchAction","target":{"@type":"EntryPoint","urlTemplate":"https:\/\/velhonkota.fi\/?s={search_term_string}"},"query-input":{"@type":"PropertyValueSpecification","valueRequired":true,"valueName":"search_term_string"}}],"inLanguage":"fr-FR"},{"@type":"Organization","@id":"https:\/\/velhonkota.fi\/#organization","name":"Velhonkota.fi","url":"https:\/\/velhonkota.fi\/","logo":{"@type":"ImageObject","inLanguage":"fr-FR","@id":"https:\/\/velhonkota.fi\/#\/schema\/logo\/image\/","url":"https:\/\/velhonkota.fi\/wp-content\/uploads\/2020\/11\/cropped-Velhon_Kota_logo_72dpi__net_-e1605948675145.png","contentUrl":"https:\/\/velhonkota.fi\/wp-content\/uploads\/2020\/11\/cropped-Velhon_Kota_logo_72dpi__net_-e1605948675145.png","width":208,"height":119,"caption":"Velhonkota.fi"},"image":{"@id":"https:\/\/velhonkota.fi\/#\/schema\/logo\/image\/"}}]}},"_links":{"self":[{"href":"https:\/\/velhonkota.fi\/fr\/wp-json\/wp\/v2\/pages\/381","targetHints":{"allow":["GET"]}}],"collection":[{"href":"https:\/\/velhonkota.fi\/fr\/wp-json\/wp\/v2\/pages"}],"about":[{"href":"https:\/\/velhonkota.fi\/fr\/wp-json\/wp\/v2\/types\/page"}],"author":[{"embeddable":true,"href":"https:\/\/velhonkota.fi\/fr\/wp-json\/wp\/v2\/users\/1"}],"replies":[{"embeddable":true,"href":"https:\/\/velhonkota.fi\/fr\/wp-json\/wp\/v2\/comments?post=381"}],"version-history":[{"count":1,"href":"https:\/\/velhonkota.fi\/fr\/wp-json\/wp\/v2\/pages\/381\/revisions"}],"predecessor-version":[{"id":382,"href":"https:\/\/velhonkota.fi\/fr\/wp-json\/wp\/v2\/pages\/381\/revisions\/382"}],"wp:attachment":[{"href":"https:\/\/velhonkota.fi\/fr\/wp-json\/wp\/v2\/media?parent=381"}],"curies":[{"name":"wp","href":"https:\/\/api.w.org\/{rel}","templated":true}]}}