{"id":143,"date":"2019-02-27T09:45:04","date_gmt":"2019-02-27T07:45:04","guid":{"rendered":"https:\/\/velhonkota.fi\/?page_id=143"},"modified":"2019-02-27T09:45:16","modified_gmt":"2019-02-27T07:45:16","slug":"front-page","status":"publish","type":"page","link":"https:\/\/velhonkota.fi\/en\/","title":{"rendered":"Front page"},"content":{"rendered":"\n<p>Come and experience all the seasons of Lapland! The\nbeauty of the polar nights and snow of Winter, in contrast with the light of\nSpring time and its glowing blankets of snow. The verdancy of the Summer while\nbirds are singing under the midnight sun which ripens all of nature&#8217;s products;\nto the colourful time of the Autumn when the first snow.&nbsp;<\/p>\n\n\n\n<p>Step in and enjoy the relaxing atmosphere of Kota; the\nglow of the candles and the fire place will give you the warmth and bring a\nspringle of magic to the air.&nbsp;<\/p>\n\n\n\n<p>Taste the delicacies of our own kitchen and local\nbakery, sweet and savoury snacks with a cup of warm drink from\nKupilka-kuksa.&nbsp;<\/p>\n\n\n\n<p>Welcome to the legendary Velhon Kota of Yll\u00e4s!&nbsp;<\/p>\n\n\n\n<p>Tavern&nbsp;<\/p>\n\n\n\n<p>Tavern is a home for everyone who comes&nbsp;<\/p>\n\n\n\n<p>Tavern is a home for everyone who goes&nbsp;<\/p>\n\n\n\n<p>You can come from close, from far or from the other\nside of the fell&nbsp;<\/p>\n\n\n\n<p>The door of the tavern is open<\/p>\n\n\n\n<p>The clock of the tavern shows the time&nbsp;<\/p>\n\n\n\n<p>There is magic in the life of the tavern&nbsp;<\/p>\n\n\n\n<p>The tables of the tavern are full of food&nbsp;<\/p>\n\n\n\n<p>Welcome, please have a seat&nbsp;<\/p>\n\n\n\n<p>You will meet strangers and friends&nbsp;<\/p>\n\n\n\n<p>You will hear the best stories on the bench&nbsp;<\/p>\n\n\n\n<p>Latest news from the other side of the fell&nbsp;<\/p>\n\n\n\n<p>Messages from far&nbsp;<\/p>\n\n\n\n<p>By Uuttu-Kalle&nbsp;<\/p>\n","protected":false},"excerpt":{"rendered":"<p>Come and experience all the seasons of Lapland! The beauty of the polar nights and snow of Winter, in contrast with the light of Spring time and its glowing blankets of snow. The verdancy of the Summer while birds are singing under the midnight sun which ripens all of nature&#8217;s products; to the colourful time [&hellip;]<\/p>\n","protected":false},"author":1,"featured_media":0,"parent":0,"menu_order":0,"comment_status":"closed","ping_status":"closed","template":"","meta":{"_genesis_hide_title":false,"_genesis_hide_breadcrumbs":false,"_genesis_hide_singular_image":false,"_genesis_hide_footer_widgets":false,"_genesis_custom_body_class":"","_genesis_custom_post_class":"","_genesis_layout":"","footnotes":""},"class_list":{"0":"post-143","1":"page","2":"type-page","3":"status-publish","5":"entry"},"yoast_head":"<!-- This site is optimized with the Yoast SEO plugin v27.5 - https:\/\/yoast.com\/product\/yoast-seo-wordpress\/ -->\n<title>Velhon Kota toivottaa sinut tervetulleeksi Yll\u00e4kselle!<\/title>\n<meta name=\"description\" content=\"Velhon Kota - koe Yll\u00e4ksen taika! Onpa suunnitelmissasi hiihto, patikointi tai maastopy\u00f6r\u00e4ily Lapissa, Uuttu-Kallen perustamalla Velhon Kota palvelee sinua.\" \/>\n<meta name=\"robots\" content=\"index, follow, max-snippet:-1, max-image-preview:large, max-video-preview:-1\" \/>\n<link rel=\"canonical\" href=\"https:\/\/velhonkota.fi\/en\/\" \/>\n<meta property=\"og:locale\" content=\"en_US\" \/>\n<meta property=\"og:type\" content=\"article\" \/>\n<meta property=\"og:title\" content=\"Velhon Kota toivottaa sinut tervetulleeksi Yll\u00e4kselle!\" \/>\n<meta property=\"og:description\" content=\"Velhon Kota - koe Yll\u00e4ksen taika! Onpa suunnitelmissasi hiihto, patikointi tai maastopy\u00f6r\u00e4ily Lapissa, Uuttu-Kallen perustamalla Velhon Kota palvelee sinua.\" \/>\n<meta property=\"og:url\" content=\"https:\/\/velhonkota.fi\/en\/\" \/>\n<meta property=\"og:site_name\" content=\"Velhonkota.fi\" \/>\n<meta property=\"article:modified_time\" content=\"2019-02-27T07:45:16+00:00\" \/>\n<meta name=\"twitter:card\" content=\"summary_large_image\" \/>\n<meta name=\"twitter:label1\" content=\"Est. reading time\" \/>\n\t<meta name=\"twitter:data1\" content=\"1 minute\" \/>\n<script type=\"application\/ld+json\" class=\"yoast-schema-graph\">{\"@context\":\"https:\\\/\\\/schema.org\",\"@graph\":[{\"@type\":\"WebPage\",\"@id\":\"https:\\\/\\\/velhonkota.fi\\\/en\\\/\",\"url\":\"https:\\\/\\\/velhonkota.fi\\\/en\\\/\",\"name\":\"Velhon Kota toivottaa sinut tervetulleeksi Yll\u00e4kselle!\",\"isPartOf\":{\"@id\":\"https:\\\/\\\/velhonkota.fi\\\/#website\"},\"datePublished\":\"2019-02-27T07:45:04+00:00\",\"dateModified\":\"2019-02-27T07:45:16+00:00\",\"description\":\"Velhon Kota - koe Yll\u00e4ksen taika! Onpa suunnitelmissasi hiihto, patikointi tai maastopy\u00f6r\u00e4ily Lapissa, Uuttu-Kallen perustamalla Velhon Kota palvelee sinua.\",\"breadcrumb\":{\"@id\":\"https:\\\/\\\/velhonkota.fi\\\/en\\\/#breadcrumb\"},\"inLanguage\":\"en-US\",\"potentialAction\":[{\"@type\":\"ReadAction\",\"target\":[\"https:\\\/\\\/velhonkota.fi\\\/en\\\/\"]}]},{\"@type\":\"BreadcrumbList\",\"@id\":\"https:\\\/\\\/velhonkota.fi\\\/en\\\/#breadcrumb\",\"itemListElement\":[{\"@type\":\"ListItem\",\"position\":1,\"name\":\"Home\",\"item\":\"https:\\\/\\\/velhonkota.fi\\\/en\\\/\"},{\"@type\":\"ListItem\",\"position\":2,\"name\":\"Front page\"}]},{\"@type\":\"WebSite\",\"@id\":\"https:\\\/\\\/velhonkota.fi\\\/#website\",\"url\":\"https:\\\/\\\/velhonkota.fi\\\/\",\"name\":\"Velhonkota.fi\",\"description\":\"Legendaarinen Velhon Kota\",\"publisher\":{\"@id\":\"https:\\\/\\\/velhonkota.fi\\\/#organization\"},\"potentialAction\":[{\"@type\":\"SearchAction\",\"target\":{\"@type\":\"EntryPoint\",\"urlTemplate\":\"https:\\\/\\\/velhonkota.fi\\\/?s={search_term_string}\"},\"query-input\":{\"@type\":\"PropertyValueSpecification\",\"valueRequired\":true,\"valueName\":\"search_term_string\"}}],\"inLanguage\":\"en-US\"},{\"@type\":\"Organization\",\"@id\":\"https:\\\/\\\/velhonkota.fi\\\/#organization\",\"name\":\"Velhonkota.fi\",\"url\":\"https:\\\/\\\/velhonkota.fi\\\/\",\"logo\":{\"@type\":\"ImageObject\",\"inLanguage\":\"en-US\",\"@id\":\"https:\\\/\\\/velhonkota.fi\\\/#\\\/schema\\\/logo\\\/image\\\/\",\"url\":\"https:\\\/\\\/velhonkota.fi\\\/wp-content\\\/uploads\\\/2020\\\/11\\\/cropped-Velhon_Kota_logo_72dpi__net_-e1605948675145.png\",\"contentUrl\":\"https:\\\/\\\/velhonkota.fi\\\/wp-content\\\/uploads\\\/2020\\\/11\\\/cropped-Velhon_Kota_logo_72dpi__net_-e1605948675145.png\",\"width\":208,\"height\":119,\"caption\":\"Velhonkota.fi\"},\"image\":{\"@id\":\"https:\\\/\\\/velhonkota.fi\\\/#\\\/schema\\\/logo\\\/image\\\/\"}}]}<\/script>\n<!-- \/ Yoast SEO plugin. -->","yoast_head_json":{"title":"Velhon Kota toivottaa sinut tervetulleeksi Yll\u00e4kselle!","description":"Velhon Kota - koe Yll\u00e4ksen taika! Onpa suunnitelmissasi hiihto, patikointi tai maastopy\u00f6r\u00e4ily Lapissa, Uuttu-Kallen perustamalla Velhon Kota palvelee sinua.","robots":{"index":"index","follow":"follow","max-snippet":"max-snippet:-1","max-image-preview":"max-image-preview:large","max-video-preview":"max-video-preview:-1"},"canonical":"https:\/\/velhonkota.fi\/en\/","og_locale":"en_US","og_type":"article","og_title":"Velhon Kota toivottaa sinut tervetulleeksi Yll\u00e4kselle!","og_description":"Velhon Kota - koe Yll\u00e4ksen taika! Onpa suunnitelmissasi hiihto, patikointi tai maastopy\u00f6r\u00e4ily Lapissa, Uuttu-Kallen perustamalla Velhon Kota palvelee sinua.","og_url":"https:\/\/velhonkota.fi\/en\/","og_site_name":"Velhonkota.fi","article_modified_time":"2019-02-27T07:45:16+00:00","twitter_card":"summary_large_image","twitter_misc":{"Est. reading time":"1 minute"},"schema":{"@context":"https:\/\/schema.org","@graph":[{"@type":"WebPage","@id":"https:\/\/velhonkota.fi\/en\/","url":"https:\/\/velhonkota.fi\/en\/","name":"Velhon Kota toivottaa sinut tervetulleeksi Yll\u00e4kselle!","isPartOf":{"@id":"https:\/\/velhonkota.fi\/#website"},"datePublished":"2019-02-27T07:45:04+00:00","dateModified":"2019-02-27T07:45:16+00:00","description":"Velhon Kota - koe Yll\u00e4ksen taika! Onpa suunnitelmissasi hiihto, patikointi tai maastopy\u00f6r\u00e4ily Lapissa, Uuttu-Kallen perustamalla Velhon Kota palvelee sinua.","breadcrumb":{"@id":"https:\/\/velhonkota.fi\/en\/#breadcrumb"},"inLanguage":"en-US","potentialAction":[{"@type":"ReadAction","target":["https:\/\/velhonkota.fi\/en\/"]}]},{"@type":"BreadcrumbList","@id":"https:\/\/velhonkota.fi\/en\/#breadcrumb","itemListElement":[{"@type":"ListItem","position":1,"name":"Home","item":"https:\/\/velhonkota.fi\/en\/"},{"@type":"ListItem","position":2,"name":"Front page"}]},{"@type":"WebSite","@id":"https:\/\/velhonkota.fi\/#website","url":"https:\/\/velhonkota.fi\/","name":"Velhonkota.fi","description":"Legendaarinen Velhon Kota","publisher":{"@id":"https:\/\/velhonkota.fi\/#organization"},"potentialAction":[{"@type":"SearchAction","target":{"@type":"EntryPoint","urlTemplate":"https:\/\/velhonkota.fi\/?s={search_term_string}"},"query-input":{"@type":"PropertyValueSpecification","valueRequired":true,"valueName":"search_term_string"}}],"inLanguage":"en-US"},{"@type":"Organization","@id":"https:\/\/velhonkota.fi\/#organization","name":"Velhonkota.fi","url":"https:\/\/velhonkota.fi\/","logo":{"@type":"ImageObject","inLanguage":"en-US","@id":"https:\/\/velhonkota.fi\/#\/schema\/logo\/image\/","url":"https:\/\/velhonkota.fi\/wp-content\/uploads\/2020\/11\/cropped-Velhon_Kota_logo_72dpi__net_-e1605948675145.png","contentUrl":"https:\/\/velhonkota.fi\/wp-content\/uploads\/2020\/11\/cropped-Velhon_Kota_logo_72dpi__net_-e1605948675145.png","width":208,"height":119,"caption":"Velhonkota.fi"},"image":{"@id":"https:\/\/velhonkota.fi\/#\/schema\/logo\/image\/"}}]}},"_links":{"self":[{"href":"https:\/\/velhonkota.fi\/en\/wp-json\/wp\/v2\/pages\/143","targetHints":{"allow":["GET"]}}],"collection":[{"href":"https:\/\/velhonkota.fi\/en\/wp-json\/wp\/v2\/pages"}],"about":[{"href":"https:\/\/velhonkota.fi\/en\/wp-json\/wp\/v2\/types\/page"}],"author":[{"embeddable":true,"href":"https:\/\/velhonkota.fi\/en\/wp-json\/wp\/v2\/users\/1"}],"replies":[{"embeddable":true,"href":"https:\/\/velhonkota.fi\/en\/wp-json\/wp\/v2\/comments?post=143"}],"version-history":[{"count":1,"href":"https:\/\/velhonkota.fi\/en\/wp-json\/wp\/v2\/pages\/143\/revisions"}],"predecessor-version":[{"id":144,"href":"https:\/\/velhonkota.fi\/en\/wp-json\/wp\/v2\/pages\/143\/revisions\/144"}],"wp:attachment":[{"href":"https:\/\/velhonkota.fi\/en\/wp-json\/wp\/v2\/media?parent=143"}],"curies":[{"name":"wp","href":"https:\/\/api.w.org\/{rel}","templated":true}]}}