{"id":373,"date":"2019-02-12T15:12:45","date_gmt":"2019-02-12T13:12:45","guid":{"rendered":"https:\/\/velhonkota.fi\/historia\/"},"modified":"2025-03-11T09:26:37","modified_gmt":"2025-03-11T07:26:37","slug":"geschichte","status":"publish","type":"page","link":"https:\/\/velhonkota.fi\/de\/geschichte\/","title":{"rendered":"Geschichte"},"content":{"rendered":"\n<h3 class=\"wp-block-heading\">Ein Blick in die Geschichtsb\u00fccher, wie sie von Kirsti und Kalervo Uutu erz\u00e4hlt wird<\/h3>\n\n\n\n<p><br>Man schrieb das Jahr 1985, als Kirsti und Uuttu-Kalle am Maifeiertag auf Skiern unterwegs waren, um einen Platz f\u00fcr ihr Velhon Kota zu suchen, da die Idee f\u00fcr ihre eigene lappl\u00e4ndische H\u00fctte geboren war. Kirstis Vater Einar hatte nach dem Krieg eine H\u00fctte in der N\u00e4he des heutigen Velhon Kota bauen lassen. Kirsti und Uuttu-Kalle suchten ebenfalls in dieser Richtung, und man fand einen geeigneten Platz an einem kleinen Bach, in dessen N\u00e4he auch Karuliina aus Luosu eine Teergrube gehabt und F\u00e4sser entlang des Baches gefl\u00f6\u00dft hatte.<\/p>\n\n\n\n<figure class=\"wp-block-image\"><img loading=\"lazy\" decoding=\"async\" width=\"1024\" height=\"694\" src=\"data:image\/gif;base64,R0lGODlhAQABAAAAACH5BAEKAAEALAAAAAABAAEAAAICTAEAOw==\" alt=\"\" class=\"wp-image-56 lazyload\" sizes=\"auto, (max-width: 1024px) 100vw, 1024px\" data-src=\"https:\/\/velhonkota.fi\/wp-content\/uploads\/2019\/02\/velhonkota_historia_01-1024x694.jpg\" data-srcset=\"https:\/\/velhonkota.fi\/wp-content\/uploads\/2019\/02\/velhonkota_historia_01-1024x694.jpg 1024w, https:\/\/velhonkota.fi\/wp-content\/uploads\/2019\/02\/velhonkota_historia_01-300x203.jpg 300w, https:\/\/velhonkota.fi\/wp-content\/uploads\/2019\/02\/velhonkota_historia_01-768x520.jpg 768w\"><figcaption class=\"wp-element-caption\">Tontin reunalla<\/figcaption><\/figure>\n\n\n\n<p><br>Das gew\u00fcnschte Grundst\u00fcck wechselte bei einem Nachbarschaftstausch den Besitzer, und im November begann der Bau. Zun\u00e4chst wurde ein Kamin gebaut, und um diesen herum begann der Bau der H\u00fctte. Die Neffen halfen bei der Einrichtung der H\u00fctte. Uuttu-Kalle war im Glauben gewesen, dass f\u00fcr die H\u00fctte keine Baugenehmigung erforderlich sei, aber nat\u00fcrlich kamen die M\u00e4nner von der Gemeindeverwaltung und wollten eine sehen und somit wurden die Genehmigungen dann im Nachhinein beantragt. Im Februar\/M\u00e4rz 1986 wurde die H\u00fctte eingeweiht und war dann bis zum Maifeiertag ge\u00f6ffnet.<\/p>\n\n\n\n<figure class=\"wp-block-image\"><img loading=\"lazy\" decoding=\"async\" width=\"1024\" height=\"684\" src=\"data:image\/gif;base64,R0lGODlhAQABAAAAACH5BAEKAAEALAAAAAABAAEAAAICTAEAOw==\" alt=\"\" class=\"wp-image-58 lazyload\" sizes=\"auto, (max-width: 1024px) 100vw, 1024px\" data-src=\"https:\/\/velhonkota.fi\/wp-content\/uploads\/2019\/02\/velhonkota_historia_02-1024x684.jpg\" data-srcset=\"https:\/\/velhonkota.fi\/wp-content\/uploads\/2019\/02\/velhonkota_historia_02-1024x684.jpg 1024w, https:\/\/velhonkota.fi\/wp-content\/uploads\/2019\/02\/velhonkota_historia_02-300x200.jpg 300w, https:\/\/velhonkota.fi\/wp-content\/uploads\/2019\/02\/velhonkota_historia_02-768x513.jpg 768w\"><figcaption class=\"wp-element-caption\">T\u00e4st\u00e4 se l\u00e4hti<\/figcaption><\/figure>\n\n\n\n<p>Urspr\u00fcnglich wurde das Wasser aus einem Bach entnommen, aber die Gesundheitsbeh\u00f6rde ordnete den Bau eines eigenen Brunnens an. Die Loipe, die zun\u00e4chst mit einem Schneemobil selbst eingefahren wurde, orientierte sich an der Pferdestrecke von Kirstis Vater Einar. Sp\u00e4ter wurden neue Loipen angelegt, und nach und nach wurde das Loipennetz ausgebaut und die Schneemobile durch Loipenspurger\u00e4te ersetzt.<\/p>\n\n\n<style type=\"text\/css\">\n#foogallery-gallery-72 .fg-image { width: 150px; }\n#foogallery-gallery-72 { --fg-gutter: 10px; }<\/style>\n\t\t\t<div class=\"foogallery foogallery-container foogallery-default foogallery-lightbox-foobox fg-left fg-default fg-ready fg-light fg-border-thin fg-shadow-outline fg-loading-default fg-loaded-fade-in fg-caption-hover fg-hover-fade fg-hover-zoom\" id=\"foogallery-gallery-72\" data-foogallery=\"{&quot;item&quot;:{&quot;showCaptionTitle&quot;:true,&quot;showCaptionDescription&quot;:true},&quot;lazy&quot;:true}\" style=\"--fg-title-line-clamp: 0; --fg-description-line-clamp: 0;\" >\n\t<div class=\"fg-item fg-type-image fg-idle\"><figure class=\"fg-item-inner\"><a href=\"https:\/\/velhonkota.fi\/wp-content\/uploads\/2019\/02\/velhonkota_historia_03.jpg\" data-attachment-id=\"60\" data-type=\"image\" class=\"fg-thumb\"><span class=\"fg-image-wrap\"><img decoding=\"async\" width=\"150\" height=\"150\" class=\"skip-lazy no-lazy fg-image\" data-src-fg=\"https:\/\/velhonkota.fi\/wp-content\/uploads\/cache\/2019\/02\/velhonkota_historia_03\/2583192565.jpg\" src=\"data:image\/svg+xml,%3Csvg%20xmlns%3D%22http%3A%2F%2Fwww.w3.org%2F2000%2Fsvg%22%20width%3D%22150%22%20height%3D%22150%22%20viewBox%3D%220%200%20150%20150%22%3E%3C%2Fsvg%3E\" loading=\"eager\"><\/span><span class=\"fg-image-overlay\"><\/span><\/a><\/figure><div class=\"fg-loader\"><\/div><\/div><div class=\"fg-item fg-type-image fg-idle\"><figure class=\"fg-item-inner\"><a href=\"https:\/\/velhonkota.fi\/wp-content\/uploads\/2019\/02\/velhonkota_historia_08.jpg\" target=\"foobox\" data-attachment-id=\"65\" data-type=\"image\" class=\"fg-thumb\"><span class=\"fg-image-wrap\"><img decoding=\"async\" width=\"150\" height=\"150\" class=\"skip-lazy no-lazy fg-image\" data-src-fg=\"https:\/\/velhonkota.fi\/wp-content\/uploads\/cache\/2019\/02\/velhonkota_historia_08\/591250023.jpg\" src=\"data:image\/svg+xml,%3Csvg%20xmlns%3D%22http%3A%2F%2Fwww.w3.org%2F2000%2Fsvg%22%20width%3D%22150%22%20height%3D%22150%22%20viewBox%3D%220%200%20150%20150%22%3E%3C%2Fsvg%3E\" loading=\"eager\"><\/span><span class=\"fg-image-overlay\"><\/span><\/a><\/figure><div class=\"fg-loader\"><\/div><\/div><div class=\"fg-item fg-type-image fg-idle\"><figure class=\"fg-item-inner\"><a href=\"https:\/\/velhonkota.fi\/wp-content\/uploads\/2019\/02\/velhonkota_historia_07.jpg\" data-attachment-id=\"64\" data-type=\"image\" class=\"fg-thumb\"><span class=\"fg-image-wrap\"><img decoding=\"async\" width=\"150\" height=\"150\" class=\"skip-lazy no-lazy fg-image\" data-src-fg=\"https:\/\/velhonkota.fi\/wp-content\/uploads\/cache\/2019\/02\/velhonkota_historia_07\/2742115658.jpg\" src=\"data:image\/svg+xml,%3Csvg%20xmlns%3D%22http%3A%2F%2Fwww.w3.org%2F2000%2Fsvg%22%20width%3D%22150%22%20height%3D%22150%22%20viewBox%3D%220%200%20150%20150%22%3E%3C%2Fsvg%3E\" loading=\"eager\"><\/span><span class=\"fg-image-overlay\"><\/span><\/a><\/figure><div class=\"fg-loader\"><\/div><\/div><div class=\"fg-item fg-type-image fg-idle\"><figure class=\"fg-item-inner\"><a href=\"https:\/\/velhonkota.fi\/wp-content\/uploads\/2019\/02\/velhonkota_historia_06.jpg\" data-attachment-id=\"63\" data-type=\"image\" class=\"fg-thumb\"><span class=\"fg-image-wrap\"><img decoding=\"async\" width=\"150\" height=\"150\" class=\"skip-lazy no-lazy fg-image\" data-src-fg=\"https:\/\/velhonkota.fi\/wp-content\/uploads\/cache\/2019\/02\/velhonkota_historia_06\/984480530.jpg\" src=\"data:image\/svg+xml,%3Csvg%20xmlns%3D%22http%3A%2F%2Fwww.w3.org%2F2000%2Fsvg%22%20width%3D%22150%22%20height%3D%22150%22%20viewBox%3D%220%200%20150%20150%22%3E%3C%2Fsvg%3E\" loading=\"eager\"><\/span><span class=\"fg-image-overlay\"><\/span><\/a><\/figure><div class=\"fg-loader\"><\/div><\/div><div class=\"fg-item fg-type-image fg-idle\"><figure class=\"fg-item-inner\"><a href=\"https:\/\/velhonkota.fi\/wp-content\/uploads\/2019\/02\/velhonkota_historia_05.jpg\" data-attachment-id=\"62\" data-type=\"image\" class=\"fg-thumb\"><span class=\"fg-image-wrap\"><img decoding=\"async\" width=\"150\" height=\"150\" class=\"skip-lazy no-lazy fg-image\" data-src-fg=\"https:\/\/velhonkota.fi\/wp-content\/uploads\/cache\/2019\/02\/velhonkota_historia_05\/3981341040.jpg\" src=\"data:image\/svg+xml,%3Csvg%20xmlns%3D%22http%3A%2F%2Fwww.w3.org%2F2000%2Fsvg%22%20width%3D%22150%22%20height%3D%22150%22%20viewBox%3D%220%200%20150%20150%22%3E%3C%2Fsvg%3E\" loading=\"eager\"><\/span><span class=\"fg-image-overlay\"><\/span><\/a><\/figure><div class=\"fg-loader\"><\/div><\/div><div class=\"fg-item fg-type-image fg-idle\"><figure class=\"fg-item-inner\"><a href=\"https:\/\/velhonkota.fi\/wp-content\/uploads\/2019\/02\/velhonkota_historia_04.jpg\" data-attachment-id=\"61\" data-type=\"image\" class=\"fg-thumb\"><span class=\"fg-image-wrap\"><img decoding=\"async\" width=\"150\" height=\"150\" class=\"skip-lazy no-lazy fg-image\" data-src-fg=\"https:\/\/velhonkota.fi\/wp-content\/uploads\/cache\/2019\/02\/velhonkota_historia_04\/3394365293.jpg\" src=\"data:image\/svg+xml,%3Csvg%20xmlns%3D%22http%3A%2F%2Fwww.w3.org%2F2000%2Fsvg%22%20width%3D%22150%22%20height%3D%22150%22%20viewBox%3D%220%200%20150%20150%22%3E%3C%2Fsvg%3E\" loading=\"eager\"><\/span><span class=\"fg-image-overlay\"><\/span><\/a><\/figure><div class=\"fg-loader\"><\/div><\/div><\/div>\n\n\n\n<div style=\"height:42px\" aria-hidden=\"true\" class=\"wp-block-spacer\"><\/div>\n\n\n\n<p><br>Die kleine K\u00fcche neben dem Kamin versorgte die Kunden, die Krapfen wurden zu Hause gebacken, und anschliessend mit dem Auto und dem Schneemobil zur H\u00fctte gebracht. Der Kaffee wurde in der H\u00fctte am Kamin zubereitet und auch Grillw\u00fcrste wurden angeboten. Nach den ersten Jahren, als Jahr f\u00fcr Jahr immer mehr Besucher kamen, nicht nur Skil\u00e4ufer, sondern auch so manche Schneemobilfahrer, wurde eine kleine Holzk\u00fcche gebaut. Das Angebot an Leckereien nahm allm\u00e4hlich zu, es wurden Hefeteilchen und Kuchen gebacken, aber belegte Br\u00f6tchen wurden erst angeboten, als Satu und Jari 1992 den Betrieb der H\u00fctte \u00fcbernahmen. Die meisten Kunden waren in Privath\u00e4usern untergebracht, und Kirsti erinnerte sich daran, dass auch sie als junges M\u00e4dchen zu Hause die Tische f\u00fcr G\u00e4ste decken musste, noch bevor sie zur Schule ging.<\/p>\n\n\n\n<p>Velhon Kota war nicht der einzige Ort, an dem Kirsti und Uuttu-Kalle Skil\u00e4ufer bedient haben. \u00c4k\u00e4smylly, Velhonpirtti, Tunturij\u00e4rvi, Kotamaja und das Caf\u00e9 von Pakasaivo wurden mit Hilfe von Verwandten und anderen Ortsans\u00e4ssigen betrieben. Die Lappland-Taufe von Uuttu-Kalle begann in \u00c4k\u00e4smylly und wurde an vielen Orten durchgef\u00fchrt. Diese Tradition und viele Geschichtsabende wurden in Velhon Kota auch in der schneefreien Zeit veranstaltet. Viele Feste wie Geburtstage, Hochzeiten und Taufen hat diese H\u00fctte bereits beherbergen d\u00fcrfen. Die Proklamation des Weihnachtsfriedens geh\u00f6rte knapp 30 Jahre lang zum Programm, musste aber eingestellt werden, weil sie zu beliebt war. W\u00e4hrend der Proklamation war die schmale Stra\u00dfe von Yll\u00e4s so \u00fcberf\u00fcllt mit Autos, dass die Stra\u00dfe komplett blockiert war und man gro\u00dfe Angst hatte, dass es zu Unf\u00e4llen kommen k\u00f6nnte.<\/p>\n\n\n\n<div class=\"wp-block-media-text alignwide has-media-on-the-right is-stacked-on-mobile\"><div class=\"wp-block-media-text__content\">\n<p><br>Seit Jahrzehnten schnitzt Uuttu-Kalle Zauberer und somit ist ihm auch die Kettens\u00e4ge ein vertrautes Werkzeug geworden. Aus alten Zeiten ist die klirrende K\u00e4lte von \u00fcber 40 Grad minus in lebhafter Erinnerung geblieben, als die Schulkinder zum Skiurlaub kamen.<\/p>\n<\/div><figure class=\"wp-block-media-text__media\"><img loading=\"lazy\" decoding=\"async\" width=\"576\" height=\"1024\" src=\"data:image\/gif;base64,R0lGODlhAQABAAAAACH5BAEKAAEALAAAAAABAAEAAAICTAEAOw==\" alt=\"\" class=\"wp-image-75 size-full lazyload\" data-src=\"https:\/\/velhonkota.fi\/wp-content\/uploads\/2019\/02\/velhonkota_etusivu_03-576x1024.jpg\"><\/figure><\/div>\n\n\n\n<div style=\"height:20px\" aria-hidden=\"true\" class=\"wp-block-spacer\"><\/div>\n\n\n\n<p>Kirsti und Uuttu-Kalle hatten schon viel erlebt, bevor Satu und Jari die Velhon Kota \u00fcbernahmen. Die K\u00fcche hat sich stets vergr\u00f6\u00dfert, ebenso wie das Angebot. Im Jahr 2017 wurden Satu und Jari von den Unternehmern von Kolari, den <em>Kolarin Yritt\u00e4j\u00e4t<\/em>, als Unternehmer des Jahres ausgezeichnet <a href=\"http:\/\/www.kuukkeli.com\/ajanvietetta\/kahvilayrittajyytta-arktisissa-olosuhteissa--kun-sukat-meinaavat-jaatya-lattiaan-6.153.27453.08fcab0545\">http:\/\/www.kuukkeli.com\/ajanvietetta\/kahvilayrittajyytta-arktisissa-olosuhteissa&#8211;kun-sukat-meinaavat-jaatya-lattiaan-6.153.27453.08fcab0545<\/a> Auch sie haben wundervolle Arbeit geleistet und die Atmosph\u00e4re und den Erfolg der Velhon Kota aufrechterhalten, so dass weiterhin so viele Besucher diese erleben und genie\u00dfen d\u00fcrfen.<\/p>\n\n\n\n<p>Der Herbst 2018 war eine aufregende Zeit. Nachdem alle Vorkehrungen getroffen und die Urkunden unterzeichnet waren, wurde die Nachricht \u00fcber den Eigent\u00fcmerwechsel der Velhon Kota in der Zeitschrift <em>Kuukkeli<\/em> verk\u00fcndet <a href=\"http:\/\/www.kuukkeli.com\/ajanvietetta\/velhon-kodalla-uusi-luuta-ja-uudet-omistajat-6.153.28326.132fc4d81d\">http:\/\/www.kuukkeli.com\/ajanvietetta\/velhon-kodalla-uusi-luuta-ja-uudet-omistajat-6.153.28326.132fc4d81d<\/a> Seitdem haben Satu und Anne alle H\u00e4nde voll zu tun gehabt. Satu und Jari wiederum hatten Zeit, dar\u00fcber nachzudenken, welche Loipen sie wohl demn\u00e4chst belaufen werden.<\/p>\n\n\n\n<p><\/p>\n","protected":false},"excerpt":{"rendered":"<p>Ein Blick in die Geschichtsb\u00fccher, wie sie von Kirsti und Kalervo Uutu erz\u00e4hlt wird Man schrieb das Jahr 1985, als Kirsti und Uuttu-Kalle am Maifeiertag auf Skiern unterwegs waren, um einen Platz f\u00fcr ihr Velhon Kota zu suchen, da die Idee f\u00fcr ihre eigene lappl\u00e4ndische H\u00fctte geboren war. Kirstis Vater Einar hatte nach dem Krieg [&hellip;]<\/p>\n","protected":false},"author":1,"featured_media":375,"parent":0,"menu_order":0,"comment_status":"closed","ping_status":"closed","template":"","meta":{"_genesis_hide_title":false,"_genesis_hide_breadcrumbs":false,"_genesis_hide_singular_image":false,"_genesis_hide_footer_widgets":false,"_genesis_custom_body_class":"","_genesis_custom_post_class":"","_genesis_layout":"","footnotes":""},"class_list":{"0":"post-373","1":"page","2":"type-page","3":"status-publish","4":"has-post-thumbnail","6":"entry"},"yoast_head":"<!-- This site is optimized with the Yoast SEO plugin v27.4 - https:\/\/yoast.com\/product\/yoast-seo-wordpress\/ -->\n<title>Geschichte - Velhonkota.fi<\/title>\n<meta name=\"robots\" content=\"index, follow, max-snippet:-1, max-image-preview:large, max-video-preview:-1\" \/>\n<link rel=\"canonical\" href=\"https:\/\/velhonkota.fi\/de\/geschichte\/\" \/>\n<meta property=\"og:locale\" content=\"de_DE\" \/>\n<meta property=\"og:type\" content=\"article\" \/>\n<meta property=\"og:title\" content=\"Geschichte - Velhonkota.fi\" \/>\n<meta property=\"og:description\" content=\"Ein Blick in die Geschichtsb\u00fccher, wie sie von Kirsti und Kalervo Uutu erz\u00e4hlt wird Man schrieb das Jahr 1985, als Kirsti und Uuttu-Kalle am Maifeiertag auf Skiern unterwegs waren, um einen Platz f\u00fcr ihr Velhon Kota zu suchen, da die Idee f\u00fcr ihre eigene lappl\u00e4ndische H\u00fctte geboren war. Kirstis Vater Einar hatte nach dem Krieg [&hellip;]\" \/>\n<meta property=\"og:url\" content=\"https:\/\/velhonkota.fi\/de\/geschichte\/\" \/>\n<meta property=\"og:site_name\" content=\"Velhonkota.fi\" \/>\n<meta property=\"article:modified_time\" content=\"2025-03-11T07:26:37+00:00\" \/>\n<meta property=\"og:image\" content=\"https:\/\/velhonkota.fi\/wp-content\/uploads\/2019\/02\/velhonkota_kahvilamme_tarjoaa_03.jpg\" \/>\n\t<meta property=\"og:image:width\" content=\"1920\" \/>\n\t<meta property=\"og:image:height\" content=\"1080\" \/>\n\t<meta property=\"og:image:type\" content=\"image\/jpeg\" \/>\n<meta name=\"twitter:card\" content=\"summary_large_image\" \/>\n<meta name=\"twitter:label1\" content=\"Gesch\u00e4tzte Lesezeit\" \/>\n\t<meta name=\"twitter:data1\" content=\"5\u00a0Minuten\" \/>\n<script type=\"application\/ld+json\" class=\"yoast-schema-graph\">{\"@context\":\"https:\\\/\\\/schema.org\",\"@graph\":[{\"@type\":\"WebPage\",\"@id\":\"https:\\\/\\\/velhonkota.fi\\\/de\\\/geschichte\\\/\",\"url\":\"https:\\\/\\\/velhonkota.fi\\\/de\\\/geschichte\\\/\",\"name\":\"Geschichte - Velhonkota.fi\",\"isPartOf\":{\"@id\":\"https:\\\/\\\/velhonkota.fi\\\/#website\"},\"primaryImageOfPage\":{\"@id\":\"https:\\\/\\\/velhonkota.fi\\\/de\\\/geschichte\\\/#primaryimage\"},\"image\":{\"@id\":\"https:\\\/\\\/velhonkota.fi\\\/de\\\/geschichte\\\/#primaryimage\"},\"thumbnailUrl\":\"https:\\\/\\\/velhonkota.fi\\\/wp-content\\\/uploads\\\/2019\\\/02\\\/velhonkota_kahvilamme_tarjoaa_03.jpg\",\"datePublished\":\"2019-02-12T13:12:45+00:00\",\"dateModified\":\"2025-03-11T07:26:37+00:00\",\"breadcrumb\":{\"@id\":\"https:\\\/\\\/velhonkota.fi\\\/de\\\/geschichte\\\/#breadcrumb\"},\"inLanguage\":\"de\",\"potentialAction\":[{\"@type\":\"ReadAction\",\"target\":[\"https:\\\/\\\/velhonkota.fi\\\/de\\\/geschichte\\\/\"]}]},{\"@type\":\"ImageObject\",\"inLanguage\":\"de\",\"@id\":\"https:\\\/\\\/velhonkota.fi\\\/de\\\/geschichte\\\/#primaryimage\",\"url\":\"https:\\\/\\\/velhonkota.fi\\\/wp-content\\\/uploads\\\/2019\\\/02\\\/velhonkota_kahvilamme_tarjoaa_03.jpg\",\"contentUrl\":\"https:\\\/\\\/velhonkota.fi\\\/wp-content\\\/uploads\\\/2019\\\/02\\\/velhonkota_kahvilamme_tarjoaa_03.jpg\",\"width\":1920,\"height\":1080},{\"@type\":\"BreadcrumbList\",\"@id\":\"https:\\\/\\\/velhonkota.fi\\\/de\\\/geschichte\\\/#breadcrumb\",\"itemListElement\":[{\"@type\":\"ListItem\",\"position\":1,\"name\":\"Home\",\"item\":\"https:\\\/\\\/velhonkota.fi\\\/de\\\/\"},{\"@type\":\"ListItem\",\"position\":2,\"name\":\"Geschichte\"}]},{\"@type\":\"WebSite\",\"@id\":\"https:\\\/\\\/velhonkota.fi\\\/#website\",\"url\":\"https:\\\/\\\/velhonkota.fi\\\/\",\"name\":\"Velhonkota.fi\",\"description\":\"Legendaarinen Velhon Kota\",\"publisher\":{\"@id\":\"https:\\\/\\\/velhonkota.fi\\\/#organization\"},\"potentialAction\":[{\"@type\":\"SearchAction\",\"target\":{\"@type\":\"EntryPoint\",\"urlTemplate\":\"https:\\\/\\\/velhonkota.fi\\\/?s={search_term_string}\"},\"query-input\":{\"@type\":\"PropertyValueSpecification\",\"valueRequired\":true,\"valueName\":\"search_term_string\"}}],\"inLanguage\":\"de\"},{\"@type\":\"Organization\",\"@id\":\"https:\\\/\\\/velhonkota.fi\\\/#organization\",\"name\":\"Velhonkota.fi\",\"url\":\"https:\\\/\\\/velhonkota.fi\\\/\",\"logo\":{\"@type\":\"ImageObject\",\"inLanguage\":\"de\",\"@id\":\"https:\\\/\\\/velhonkota.fi\\\/#\\\/schema\\\/logo\\\/image\\\/\",\"url\":\"https:\\\/\\\/velhonkota.fi\\\/wp-content\\\/uploads\\\/2020\\\/11\\\/cropped-Velhon_Kota_logo_72dpi__net_-e1605948675145.png\",\"contentUrl\":\"https:\\\/\\\/velhonkota.fi\\\/wp-content\\\/uploads\\\/2020\\\/11\\\/cropped-Velhon_Kota_logo_72dpi__net_-e1605948675145.png\",\"width\":208,\"height\":119,\"caption\":\"Velhonkota.fi\"},\"image\":{\"@id\":\"https:\\\/\\\/velhonkota.fi\\\/#\\\/schema\\\/logo\\\/image\\\/\"}}]}<\/script>\n<!-- \/ Yoast SEO plugin. -->","yoast_head_json":{"title":"Geschichte - Velhonkota.fi","robots":{"index":"index","follow":"follow","max-snippet":"max-snippet:-1","max-image-preview":"max-image-preview:large","max-video-preview":"max-video-preview:-1"},"canonical":"https:\/\/velhonkota.fi\/de\/geschichte\/","og_locale":"de_DE","og_type":"article","og_title":"Geschichte - Velhonkota.fi","og_description":"Ein Blick in die Geschichtsb\u00fccher, wie sie von Kirsti und Kalervo Uutu erz\u00e4hlt wird Man schrieb das Jahr 1985, als Kirsti und Uuttu-Kalle am Maifeiertag auf Skiern unterwegs waren, um einen Platz f\u00fcr ihr Velhon Kota zu suchen, da die Idee f\u00fcr ihre eigene lappl\u00e4ndische H\u00fctte geboren war. Kirstis Vater Einar hatte nach dem Krieg [&hellip;]","og_url":"https:\/\/velhonkota.fi\/de\/geschichte\/","og_site_name":"Velhonkota.fi","article_modified_time":"2025-03-11T07:26:37+00:00","og_image":[{"width":1920,"height":1080,"url":"https:\/\/velhonkota.fi\/wp-content\/uploads\/2019\/02\/velhonkota_kahvilamme_tarjoaa_03.jpg","type":"image\/jpeg"}],"twitter_card":"summary_large_image","twitter_misc":{"Gesch\u00e4tzte Lesezeit":"5\u00a0Minuten"},"schema":{"@context":"https:\/\/schema.org","@graph":[{"@type":"WebPage","@id":"https:\/\/velhonkota.fi\/de\/geschichte\/","url":"https:\/\/velhonkota.fi\/de\/geschichte\/","name":"Geschichte - Velhonkota.fi","isPartOf":{"@id":"https:\/\/velhonkota.fi\/#website"},"primaryImageOfPage":{"@id":"https:\/\/velhonkota.fi\/de\/geschichte\/#primaryimage"},"image":{"@id":"https:\/\/velhonkota.fi\/de\/geschichte\/#primaryimage"},"thumbnailUrl":"https:\/\/velhonkota.fi\/wp-content\/uploads\/2019\/02\/velhonkota_kahvilamme_tarjoaa_03.jpg","datePublished":"2019-02-12T13:12:45+00:00","dateModified":"2025-03-11T07:26:37+00:00","breadcrumb":{"@id":"https:\/\/velhonkota.fi\/de\/geschichte\/#breadcrumb"},"inLanguage":"de","potentialAction":[{"@type":"ReadAction","target":["https:\/\/velhonkota.fi\/de\/geschichte\/"]}]},{"@type":"ImageObject","inLanguage":"de","@id":"https:\/\/velhonkota.fi\/de\/geschichte\/#primaryimage","url":"https:\/\/velhonkota.fi\/wp-content\/uploads\/2019\/02\/velhonkota_kahvilamme_tarjoaa_03.jpg","contentUrl":"https:\/\/velhonkota.fi\/wp-content\/uploads\/2019\/02\/velhonkota_kahvilamme_tarjoaa_03.jpg","width":1920,"height":1080},{"@type":"BreadcrumbList","@id":"https:\/\/velhonkota.fi\/de\/geschichte\/#breadcrumb","itemListElement":[{"@type":"ListItem","position":1,"name":"Home","item":"https:\/\/velhonkota.fi\/de\/"},{"@type":"ListItem","position":2,"name":"Geschichte"}]},{"@type":"WebSite","@id":"https:\/\/velhonkota.fi\/#website","url":"https:\/\/velhonkota.fi\/","name":"Velhonkota.fi","description":"Legendaarinen Velhon Kota","publisher":{"@id":"https:\/\/velhonkota.fi\/#organization"},"potentialAction":[{"@type":"SearchAction","target":{"@type":"EntryPoint","urlTemplate":"https:\/\/velhonkota.fi\/?s={search_term_string}"},"query-input":{"@type":"PropertyValueSpecification","valueRequired":true,"valueName":"search_term_string"}}],"inLanguage":"de"},{"@type":"Organization","@id":"https:\/\/velhonkota.fi\/#organization","name":"Velhonkota.fi","url":"https:\/\/velhonkota.fi\/","logo":{"@type":"ImageObject","inLanguage":"de","@id":"https:\/\/velhonkota.fi\/#\/schema\/logo\/image\/","url":"https:\/\/velhonkota.fi\/wp-content\/uploads\/2020\/11\/cropped-Velhon_Kota_logo_72dpi__net_-e1605948675145.png","contentUrl":"https:\/\/velhonkota.fi\/wp-content\/uploads\/2020\/11\/cropped-Velhon_Kota_logo_72dpi__net_-e1605948675145.png","width":208,"height":119,"caption":"Velhonkota.fi"},"image":{"@id":"https:\/\/velhonkota.fi\/#\/schema\/logo\/image\/"}}]}},"_links":{"self":[{"href":"https:\/\/velhonkota.fi\/de\/wp-json\/wp\/v2\/pages\/373","targetHints":{"allow":["GET"]}}],"collection":[{"href":"https:\/\/velhonkota.fi\/de\/wp-json\/wp\/v2\/pages"}],"about":[{"href":"https:\/\/velhonkota.fi\/de\/wp-json\/wp\/v2\/types\/page"}],"author":[{"embeddable":true,"href":"https:\/\/velhonkota.fi\/de\/wp-json\/wp\/v2\/users\/1"}],"replies":[{"embeddable":true,"href":"https:\/\/velhonkota.fi\/de\/wp-json\/wp\/v2\/comments?post=373"}],"version-history":[{"count":1,"href":"https:\/\/velhonkota.fi\/de\/wp-json\/wp\/v2\/pages\/373\/revisions"}],"predecessor-version":[{"id":377,"href":"https:\/\/velhonkota.fi\/de\/wp-json\/wp\/v2\/pages\/373\/revisions\/377"}],"wp:featuredmedia":[{"embeddable":true,"href":"https:\/\/velhonkota.fi\/de\/wp-json\/wp\/v2\/media\/375"}],"wp:attachment":[{"href":"https:\/\/velhonkota.fi\/de\/wp-json\/wp\/v2\/media?parent=373"}],"curies":[{"name":"wp","href":"https:\/\/api.w.org\/{rel}","templated":true}]}}