{"id":369,"date":"2019-02-12T14:33:32","date_gmt":"2019-02-12T12:33:32","guid":{"rendered":"https:\/\/velhonkota.fi\/myo\/"},"modified":"2025-03-11T09:26:42","modified_gmt":"2025-03-11T07:26:42","slug":"wir","status":"publish","type":"page","link":"https:\/\/velhonkota.fi\/de\/wir\/","title":{"rendered":"Wir"},"content":{"rendered":"\n<figure class=\"wp-block-image size-large\"><img loading=\"lazy\" decoding=\"async\" width=\"1024\" height=\"693\" src=\"data:image\/gif;base64,R0lGODlhAQABAAAAACH5BAEKAAEALAAAAAABAAEAAAICTAEAOw==\" alt=\"\" class=\"wp-image-233 lazyload\" sizes=\"auto, (max-width: 1024px) 100vw, 1024px\" data-src=\"https:\/\/velhonkota.fi\/wp-content\/uploads\/2020\/11\/myo-1024x693.jpg\" data-srcset=\"https:\/\/velhonkota.fi\/wp-content\/uploads\/2020\/11\/myo-1024x693.jpg 1024w, https:\/\/velhonkota.fi\/wp-content\/uploads\/2020\/11\/myo-300x203.jpg 300w, https:\/\/velhonkota.fi\/wp-content\/uploads\/2020\/11\/myo-768x520.jpg 768w, https:\/\/velhonkota.fi\/wp-content\/uploads\/2020\/11\/myo-1536x1040.jpg 1536w, https:\/\/velhonkota.fi\/wp-content\/uploads\/2020\/11\/myo.jpg 2048w\"><\/figure>\n\n\n\n<h3 class=\"wp-block-heading\">Satu<\/h3>\n\n\n\n<p>Ich bin \u00fcber ein paar Umwege nach \u00c4k\u00e4slompolo gelangt. Ich lernte meinen Mann Per beim Karaoke in Humina kennen, und damit begannen die Reisen dieses M\u00e4dchens aus dem S\u00fcden in den hohen Norden. Seit 2003 habe ich Yll\u00e4s nach und nach kennen und lieben gelernt. In meiner Kindheit bin ich auf Skitouren im Fr\u00fchjahr mit meinen Eltern \u00fcber die Fjells gewandert, so dass mir die Liebe zu Lappland schon in die Wiege gelegt wurde. So zogen wir 2006 nach Aareavaara in Schweden, wo wir immer noch ein zweites Zuhause haben. Ich hatte Zeit, an meinen F\u00e4higkeiten im Kundenservice sowohl in einer Bank als auch bei Alko zu feilen, so dass ich mittlerweile vielen Besuchern von Yll\u00e4s wahrscheinlich ein ziemlich bekanntes Gesicht bin. Per begegnet man manchmal auch hinter der Kasse in der H\u00fctte oder bei den anderen Aufgaben eines \u201eAllrounders\u201c.<\/p>\n\n\n\n<h3 class=\"wp-block-heading\">Anne <\/h3>\n\n\n\n<p>Seit Ende der 1990er Jahre wandere ich mit meinen finnischen Lapphunden in den Nationalparks von Lappland und tr\u00e4umte jahrelang davon, nach Lappland zu ziehen. Im Jahr 2006 kam ich im Schlepptau meines Lebenspartners Arto aus Nord-Karelien nach \u00c4k\u00e4slompolo. Ich habe eine Ausbildung zur Hundeschlittenf\u00fchrerin absolviert und war bis 2016 haupts\u00e4chlich Hausfrau, bis ich KipakkaKettu gr\u00fcndete, was mir vielseitig Arbeit beschert hat. Die handwerklichen F\u00e4higkeiten, die ich in meiner Handwerksausbildung erworben und stets in meiner Familie weitergegeben wurden, haben daf\u00fcr gesorgt, dass ich immer Handwerksarbeiten zu verrichten hatte. Im Herbst 2018 habe ich in Muonio eine Berufsausbildung im Bereich Naturprodukte abgeschlossen. Die Ausbildung umfasste auch die Bereiche Kr\u00e4uter-, Pilz- und Beerenberatung.<\/p>\n\n\n\n<h3 class=\"wp-block-heading\">\u00dcber uns<\/h3>\n\n\n\n<p>Wir haben uns 2013 kennengelernt, als Satu am Fu\u00dfe der Skipiste auf Anne zugekurvt kam und begann, Annes Lapphund zu kraulen und sich erkundigte, ob denn Welpen in Aussicht w\u00e4ren. Lange musste Satu dann auch auf ihren warten, aber nach einigen Jahren kamen sie, und sie suchte sich ihre eigene entz\u00fcckende kleine Unna aus, einen lohfarbenen Welpen. Seitdem sind wir im engen Kontakt geblieben, und als Anne Satu vorschlug, ob sie nicht mit ihr zusammen das Velhon Kota kaufen w\u00fcrde, hat Satu nicht lange gez\u00f6gert.<\/p>\n","protected":false},"excerpt":{"rendered":"<p>Satu Ich bin \u00fcber ein paar Umwege nach \u00c4k\u00e4slompolo gelangt. Ich lernte meinen Mann Per beim Karaoke in Humina kennen, und damit begannen die Reisen dieses M\u00e4dchens aus dem S\u00fcden in den hohen Norden. Seit 2003 habe ich Yll\u00e4s nach und nach kennen und lieben gelernt. In meiner Kindheit bin ich auf Skitouren im Fr\u00fchjahr [&hellip;]<\/p>\n","protected":false},"author":1,"featured_media":371,"parent":0,"menu_order":0,"comment_status":"closed","ping_status":"closed","template":"","meta":{"_genesis_hide_title":false,"_genesis_hide_breadcrumbs":false,"_genesis_hide_singular_image":false,"_genesis_hide_footer_widgets":false,"_genesis_custom_body_class":"","_genesis_custom_post_class":"","_genesis_layout":"","footnotes":""},"class_list":{"0":"post-369","1":"page","2":"type-page","3":"status-publish","4":"has-post-thumbnail","6":"entry"},"yoast_head":"<!-- This site is optimized with the Yoast SEO plugin v27.4 - https:\/\/yoast.com\/product\/yoast-seo-wordpress\/ -->\n<title>Wir - Velhonkota.fi<\/title>\n<meta name=\"robots\" content=\"index, follow, max-snippet:-1, max-image-preview:large, max-video-preview:-1\" \/>\n<link rel=\"canonical\" href=\"https:\/\/velhonkota.fi\/de\/wir\/\" \/>\n<meta property=\"og:locale\" content=\"de_DE\" \/>\n<meta property=\"og:type\" content=\"article\" \/>\n<meta property=\"og:title\" content=\"Wir - Velhonkota.fi\" \/>\n<meta property=\"og:description\" content=\"Satu Ich bin \u00fcber ein paar Umwege nach \u00c4k\u00e4slompolo gelangt. Ich lernte meinen Mann Per beim Karaoke in Humina kennen, und damit begannen die Reisen dieses M\u00e4dchens aus dem S\u00fcden in den hohen Norden. Seit 2003 habe ich Yll\u00e4s nach und nach kennen und lieben gelernt. In meiner Kindheit bin ich auf Skitouren im Fr\u00fchjahr [&hellip;]\" \/>\n<meta property=\"og:url\" content=\"https:\/\/velhonkota.fi\/de\/wir\/\" \/>\n<meta property=\"og:site_name\" content=\"Velhonkota.fi\" \/>\n<meta property=\"article:modified_time\" content=\"2025-03-11T07:26:42+00:00\" \/>\n<meta property=\"og:image\" content=\"https:\/\/velhonkota.fi\/wp-content\/uploads\/2019\/02\/velhonkota_kahvilamme_tarjoaa_04.jpg\" \/>\n\t<meta property=\"og:image:width\" content=\"1920\" \/>\n\t<meta property=\"og:image:height\" content=\"1080\" \/>\n\t<meta property=\"og:image:type\" content=\"image\/jpeg\" \/>\n<meta name=\"twitter:card\" content=\"summary_large_image\" \/>\n<meta name=\"twitter:label1\" content=\"Gesch\u00e4tzte Lesezeit\" \/>\n\t<meta name=\"twitter:data1\" content=\"3\u00a0Minuten\" \/>\n<script type=\"application\/ld+json\" class=\"yoast-schema-graph\">{\"@context\":\"https:\\\/\\\/schema.org\",\"@graph\":[{\"@type\":\"WebPage\",\"@id\":\"https:\\\/\\\/velhonkota.fi\\\/de\\\/wir\\\/\",\"url\":\"https:\\\/\\\/velhonkota.fi\\\/de\\\/wir\\\/\",\"name\":\"Wir - Velhonkota.fi\",\"isPartOf\":{\"@id\":\"https:\\\/\\\/velhonkota.fi\\\/#website\"},\"primaryImageOfPage\":{\"@id\":\"https:\\\/\\\/velhonkota.fi\\\/de\\\/wir\\\/#primaryimage\"},\"image\":{\"@id\":\"https:\\\/\\\/velhonkota.fi\\\/de\\\/wir\\\/#primaryimage\"},\"thumbnailUrl\":\"https:\\\/\\\/velhonkota.fi\\\/wp-content\\\/uploads\\\/2019\\\/02\\\/velhonkota_kahvilamme_tarjoaa_04.jpg\",\"datePublished\":\"2019-02-12T12:33:32+00:00\",\"dateModified\":\"2025-03-11T07:26:42+00:00\",\"breadcrumb\":{\"@id\":\"https:\\\/\\\/velhonkota.fi\\\/de\\\/wir\\\/#breadcrumb\"},\"inLanguage\":\"de\",\"potentialAction\":[{\"@type\":\"ReadAction\",\"target\":[\"https:\\\/\\\/velhonkota.fi\\\/de\\\/wir\\\/\"]}]},{\"@type\":\"ImageObject\",\"inLanguage\":\"de\",\"@id\":\"https:\\\/\\\/velhonkota.fi\\\/de\\\/wir\\\/#primaryimage\",\"url\":\"https:\\\/\\\/velhonkota.fi\\\/wp-content\\\/uploads\\\/2019\\\/02\\\/velhonkota_kahvilamme_tarjoaa_04.jpg\",\"contentUrl\":\"https:\\\/\\\/velhonkota.fi\\\/wp-content\\\/uploads\\\/2019\\\/02\\\/velhonkota_kahvilamme_tarjoaa_04.jpg\",\"width\":1920,\"height\":1080},{\"@type\":\"BreadcrumbList\",\"@id\":\"https:\\\/\\\/velhonkota.fi\\\/de\\\/wir\\\/#breadcrumb\",\"itemListElement\":[{\"@type\":\"ListItem\",\"position\":1,\"name\":\"Home\",\"item\":\"https:\\\/\\\/velhonkota.fi\\\/de\\\/\"},{\"@type\":\"ListItem\",\"position\":2,\"name\":\"Wir\"}]},{\"@type\":\"WebSite\",\"@id\":\"https:\\\/\\\/velhonkota.fi\\\/#website\",\"url\":\"https:\\\/\\\/velhonkota.fi\\\/\",\"name\":\"Velhonkota.fi\",\"description\":\"Legendaarinen Velhon Kota\",\"publisher\":{\"@id\":\"https:\\\/\\\/velhonkota.fi\\\/#organization\"},\"potentialAction\":[{\"@type\":\"SearchAction\",\"target\":{\"@type\":\"EntryPoint\",\"urlTemplate\":\"https:\\\/\\\/velhonkota.fi\\\/?s={search_term_string}\"},\"query-input\":{\"@type\":\"PropertyValueSpecification\",\"valueRequired\":true,\"valueName\":\"search_term_string\"}}],\"inLanguage\":\"de\"},{\"@type\":\"Organization\",\"@id\":\"https:\\\/\\\/velhonkota.fi\\\/#organization\",\"name\":\"Velhonkota.fi\",\"url\":\"https:\\\/\\\/velhonkota.fi\\\/\",\"logo\":{\"@type\":\"ImageObject\",\"inLanguage\":\"de\",\"@id\":\"https:\\\/\\\/velhonkota.fi\\\/#\\\/schema\\\/logo\\\/image\\\/\",\"url\":\"https:\\\/\\\/velhonkota.fi\\\/wp-content\\\/uploads\\\/2020\\\/11\\\/cropped-Velhon_Kota_logo_72dpi__net_-e1605948675145.png\",\"contentUrl\":\"https:\\\/\\\/velhonkota.fi\\\/wp-content\\\/uploads\\\/2020\\\/11\\\/cropped-Velhon_Kota_logo_72dpi__net_-e1605948675145.png\",\"width\":208,\"height\":119,\"caption\":\"Velhonkota.fi\"},\"image\":{\"@id\":\"https:\\\/\\\/velhonkota.fi\\\/#\\\/schema\\\/logo\\\/image\\\/\"}}]}<\/script>\n<!-- \/ Yoast SEO plugin. -->","yoast_head_json":{"title":"Wir - Velhonkota.fi","robots":{"index":"index","follow":"follow","max-snippet":"max-snippet:-1","max-image-preview":"max-image-preview:large","max-video-preview":"max-video-preview:-1"},"canonical":"https:\/\/velhonkota.fi\/de\/wir\/","og_locale":"de_DE","og_type":"article","og_title":"Wir - Velhonkota.fi","og_description":"Satu Ich bin \u00fcber ein paar Umwege nach \u00c4k\u00e4slompolo gelangt. Ich lernte meinen Mann Per beim Karaoke in Humina kennen, und damit begannen die Reisen dieses M\u00e4dchens aus dem S\u00fcden in den hohen Norden. Seit 2003 habe ich Yll\u00e4s nach und nach kennen und lieben gelernt. In meiner Kindheit bin ich auf Skitouren im Fr\u00fchjahr [&hellip;]","og_url":"https:\/\/velhonkota.fi\/de\/wir\/","og_site_name":"Velhonkota.fi","article_modified_time":"2025-03-11T07:26:42+00:00","og_image":[{"width":1920,"height":1080,"url":"https:\/\/velhonkota.fi\/wp-content\/uploads\/2019\/02\/velhonkota_kahvilamme_tarjoaa_04.jpg","type":"image\/jpeg"}],"twitter_card":"summary_large_image","twitter_misc":{"Gesch\u00e4tzte Lesezeit":"3\u00a0Minuten"},"schema":{"@context":"https:\/\/schema.org","@graph":[{"@type":"WebPage","@id":"https:\/\/velhonkota.fi\/de\/wir\/","url":"https:\/\/velhonkota.fi\/de\/wir\/","name":"Wir - Velhonkota.fi","isPartOf":{"@id":"https:\/\/velhonkota.fi\/#website"},"primaryImageOfPage":{"@id":"https:\/\/velhonkota.fi\/de\/wir\/#primaryimage"},"image":{"@id":"https:\/\/velhonkota.fi\/de\/wir\/#primaryimage"},"thumbnailUrl":"https:\/\/velhonkota.fi\/wp-content\/uploads\/2019\/02\/velhonkota_kahvilamme_tarjoaa_04.jpg","datePublished":"2019-02-12T12:33:32+00:00","dateModified":"2025-03-11T07:26:42+00:00","breadcrumb":{"@id":"https:\/\/velhonkota.fi\/de\/wir\/#breadcrumb"},"inLanguage":"de","potentialAction":[{"@type":"ReadAction","target":["https:\/\/velhonkota.fi\/de\/wir\/"]}]},{"@type":"ImageObject","inLanguage":"de","@id":"https:\/\/velhonkota.fi\/de\/wir\/#primaryimage","url":"https:\/\/velhonkota.fi\/wp-content\/uploads\/2019\/02\/velhonkota_kahvilamme_tarjoaa_04.jpg","contentUrl":"https:\/\/velhonkota.fi\/wp-content\/uploads\/2019\/02\/velhonkota_kahvilamme_tarjoaa_04.jpg","width":1920,"height":1080},{"@type":"BreadcrumbList","@id":"https:\/\/velhonkota.fi\/de\/wir\/#breadcrumb","itemListElement":[{"@type":"ListItem","position":1,"name":"Home","item":"https:\/\/velhonkota.fi\/de\/"},{"@type":"ListItem","position":2,"name":"Wir"}]},{"@type":"WebSite","@id":"https:\/\/velhonkota.fi\/#website","url":"https:\/\/velhonkota.fi\/","name":"Velhonkota.fi","description":"Legendaarinen Velhon Kota","publisher":{"@id":"https:\/\/velhonkota.fi\/#organization"},"potentialAction":[{"@type":"SearchAction","target":{"@type":"EntryPoint","urlTemplate":"https:\/\/velhonkota.fi\/?s={search_term_string}"},"query-input":{"@type":"PropertyValueSpecification","valueRequired":true,"valueName":"search_term_string"}}],"inLanguage":"de"},{"@type":"Organization","@id":"https:\/\/velhonkota.fi\/#organization","name":"Velhonkota.fi","url":"https:\/\/velhonkota.fi\/","logo":{"@type":"ImageObject","inLanguage":"de","@id":"https:\/\/velhonkota.fi\/#\/schema\/logo\/image\/","url":"https:\/\/velhonkota.fi\/wp-content\/uploads\/2020\/11\/cropped-Velhon_Kota_logo_72dpi__net_-e1605948675145.png","contentUrl":"https:\/\/velhonkota.fi\/wp-content\/uploads\/2020\/11\/cropped-Velhon_Kota_logo_72dpi__net_-e1605948675145.png","width":208,"height":119,"caption":"Velhonkota.fi"},"image":{"@id":"https:\/\/velhonkota.fi\/#\/schema\/logo\/image\/"}}]}},"_links":{"self":[{"href":"https:\/\/velhonkota.fi\/de\/wp-json\/wp\/v2\/pages\/369","targetHints":{"allow":["GET"]}}],"collection":[{"href":"https:\/\/velhonkota.fi\/de\/wp-json\/wp\/v2\/pages"}],"about":[{"href":"https:\/\/velhonkota.fi\/de\/wp-json\/wp\/v2\/types\/page"}],"author":[{"embeddable":true,"href":"https:\/\/velhonkota.fi\/de\/wp-json\/wp\/v2\/users\/1"}],"replies":[{"embeddable":true,"href":"https:\/\/velhonkota.fi\/de\/wp-json\/wp\/v2\/comments?post=369"}],"version-history":[{"count":2,"href":"https:\/\/velhonkota.fi\/de\/wp-json\/wp\/v2\/pages\/369\/revisions"}],"predecessor-version":[{"id":391,"href":"https:\/\/velhonkota.fi\/de\/wp-json\/wp\/v2\/pages\/369\/revisions\/391"}],"wp:featuredmedia":[{"embeddable":true,"href":"https:\/\/velhonkota.fi\/de\/wp-json\/wp\/v2\/media\/371"}],"wp:attachment":[{"href":"https:\/\/velhonkota.fi\/de\/wp-json\/wp\/v2\/media?parent=369"}],"curies":[{"name":"wp","href":"https:\/\/api.w.org\/{rel}","templated":true}]}}