{"id":366,"date":"2019-02-20T12:06:11","date_gmt":"2019-02-20T10:06:11","guid":{"rendered":"https:\/\/velhonkota.fi\/meille-paaset\/"},"modified":"2025-03-11T09:26:46","modified_gmt":"2025-03-11T07:26:46","slug":"uns-erreichen-sie","status":"publish","type":"page","link":"https:\/\/velhonkota.fi\/de\/uns-erreichen-sie\/","title":{"rendered":"Uns erreichen Sie"},"content":{"rendered":"\n<p><br>mit Skiern \u00fcber ausgezeichnete Loipen aus dem Dorf \u00c4k\u00e4slompolo, dem Tunturij\u00e4rvi-See und dem Ortsteil Hannukainen. Die Loipenkilometer betragen nach Hotel Yll\u00e4skaltio 4 km, \u00c4k\u00e4shotelli 6 km, Kapelle Pyh\u00e4 Lauri (\u00fcber Kuertunturi-Fjell) 5 km, Tunturij\u00e4rven kota 6 km, Luosuj\u00e4rvi-Strandcaf\u00e9 11 km und zum Dorf Yll\u00e4sj\u00e4rvi 15 km.<\/p>\n\n\n\n<p>Zu Fu\u00df wandernd, mit dem Rad fahrend, auf Schneeschuhen stapfend und mit dem Schlitten fahrend \u00fcber einen gepflegten Winterwanderweg, dessen Beschilderung an der Kreuzung Sivulantie bei Sisu Outdoor Shop, 4,3 km von unserer H\u00fctte entfernt, beginnt. Im Winter k\u00f6nnen Sie auch dem markierten Schneeschuhtrail von der Kapelle oder von der Kreuzung Lompolontie und Karhukoantie \u00fcber den Gipfel des Kuertunturi-Fjells bis zum Parkplatz unserer H\u00fctte und von dort anschlie\u00dfend dem Winterwanderweg folgen.<\/p>\n\n\n\n<div class=\"wp-block-cover has-parallax is-light\"><span aria-hidden=\"true\" class=\"wp-block-cover__background has-vivid-cyan-blue-background-color has-background-dim-0 has-background-dim\"><\/span><div class=\"wp-block-cover__image-background wp-image-44 has-parallax\" style=\"background-position:50% 50%;background-image:url(https:\/\/velhonkota.fi\/wp-content\/uploads\/2019\/02\/velhonkota_kahvilamme_tarjoaa_03.jpg)\"><\/div><div class=\"wp-block-cover__inner-container is-layout-flow wp-block-cover-is-layout-flow\">\n<p class=\"has-text-align-center has-large-font-size\"><\/p>\n<\/div><\/div>\n\n\n\n<p>Unser Parkplatz liegt an der Stra\u00dfe Yll\u00e4ksentie etwa 3 km von der Abzweigung Tunturitie in Richtung Kolari (die Adresse bei der Navigation dorthin lautet Yll\u00e4ksentie 241, Kolari). Vom Parkplatz aus sind es 400 m auf dem Winterwanderweg bis zu unserer H\u00fctte. Wenn Sie den Parkplatz verlassen, \u00fcberqueren Sie bitte die Eisbr\u00fccke mit Vorsicht an der markierten Stelle.<\/p>\n\n\n\n<p>Hinweis f\u00fcr Skil\u00e4ufer mit Hund: Kommen Sie bitte mit dem Auto zum Parkplatz oder auf Skiern auf dem Winterwanderweg aus dem Dorf. Vom H\u00fcttenhof aus beginnt eine 18 km lange Hundeloipe rund um den Ortsteil Hannukainen.<br><\/p>\n\n\n\n\n\n<figure class=\"wp-block-image size-large\"><img loading=\"lazy\" decoding=\"async\" width=\"754\" height=\"1024\" src=\"data:image\/gif;base64,R0lGODlhAQABAAAAACH5BAEKAAEALAAAAAABAAEAAAICTAEAOw==\" alt=\"\" class=\"wp-image-231 lazyload\" sizes=\"auto, (max-width: 754px) 100vw, 754px\" data-src=\"https:\/\/velhonkota.fi\/wp-content\/uploads\/2020\/11\/meille_paaset-754x1024.jpg\" data-srcset=\"https:\/\/velhonkota.fi\/wp-content\/uploads\/2020\/11\/meille_paaset-754x1024.jpg 754w, https:\/\/velhonkota.fi\/wp-content\/uploads\/2020\/11\/meille_paaset-221x300.jpg 221w, https:\/\/velhonkota.fi\/wp-content\/uploads\/2020\/11\/meille_paaset-768x1044.jpg 768w, https:\/\/velhonkota.fi\/wp-content\/uploads\/2020\/11\/meille_paaset-1130x1536.jpg 1130w, https:\/\/velhonkota.fi\/wp-content\/uploads\/2020\/11\/meille_paaset.jpg 1507w\"><figcaption class=\"wp-element-caption\">Sari Nymanin maalaama ikuinen kes\u00e4<\/figcaption><\/figure>\n","protected":false},"excerpt":{"rendered":"<p>mit Skiern \u00fcber ausgezeichnete Loipen aus dem Dorf \u00c4k\u00e4slompolo, dem Tunturij\u00e4rvi-See und dem Ortsteil Hannukainen. Die Loipenkilometer betragen nach Hotel Yll\u00e4skaltio 4 km, \u00c4k\u00e4shotelli 6 km, Kapelle Pyh\u00e4 Lauri (\u00fcber Kuertunturi-Fjell) 5 km, Tunturij\u00e4rven kota 6 km, Luosuj\u00e4rvi-Strandcaf\u00e9 11 km und zum Dorf Yll\u00e4sj\u00e4rvi 15 km. Zu Fu\u00df wandernd, mit dem Rad fahrend, auf Schneeschuhen [&hellip;]<\/p>\n","protected":false},"author":1,"featured_media":367,"parent":0,"menu_order":0,"comment_status":"closed","ping_status":"closed","template":"","meta":{"_genesis_hide_title":false,"_genesis_hide_breadcrumbs":false,"_genesis_hide_singular_image":false,"_genesis_hide_footer_widgets":false,"_genesis_custom_body_class":"","_genesis_custom_post_class":"","_genesis_layout":"","footnotes":""},"class_list":{"0":"post-366","1":"page","2":"type-page","3":"status-publish","4":"has-post-thumbnail","6":"entry"},"yoast_head":"<!-- This site is optimized with the Yoast SEO plugin v27.4 - https:\/\/yoast.com\/product\/yoast-seo-wordpress\/ -->\n<title>Uns erreichen Sie - Velhonkota.fi<\/title>\n<meta name=\"robots\" content=\"index, follow, max-snippet:-1, max-image-preview:large, max-video-preview:-1\" \/>\n<link rel=\"canonical\" href=\"https:\/\/velhonkota.fi\/de\/uns-erreichen-sie\/\" \/>\n<meta property=\"og:locale\" content=\"de_DE\" \/>\n<meta property=\"og:type\" content=\"article\" \/>\n<meta property=\"og:title\" content=\"Uns erreichen Sie - Velhonkota.fi\" \/>\n<meta property=\"og:description\" content=\"mit Skiern \u00fcber ausgezeichnete Loipen aus dem Dorf \u00c4k\u00e4slompolo, dem Tunturij\u00e4rvi-See und dem Ortsteil Hannukainen. Die Loipenkilometer betragen nach Hotel Yll\u00e4skaltio 4 km, \u00c4k\u00e4shotelli 6 km, Kapelle Pyh\u00e4 Lauri (\u00fcber Kuertunturi-Fjell) 5 km, Tunturij\u00e4rven kota 6 km, Luosuj\u00e4rvi-Strandcaf\u00e9 11 km und zum Dorf Yll\u00e4sj\u00e4rvi 15 km. Zu Fu\u00df wandernd, mit dem Rad fahrend, auf Schneeschuhen [&hellip;]\" \/>\n<meta property=\"og:url\" content=\"https:\/\/velhonkota.fi\/de\/uns-erreichen-sie\/\" \/>\n<meta property=\"og:site_name\" content=\"Velhonkota.fi\" \/>\n<meta property=\"article:modified_time\" content=\"2025-03-11T07:26:46+00:00\" \/>\n<meta property=\"og:image\" content=\"https:\/\/velhonkota.fi\/wp-content\/uploads\/2019\/02\/velhonkota_meille_p\u00e4\u00e4set_02.jpg\" \/>\n\t<meta property=\"og:image:width\" content=\"1920\" \/>\n\t<meta property=\"og:image:height\" content=\"1080\" \/>\n\t<meta property=\"og:image:type\" content=\"image\/jpeg\" \/>\n<meta name=\"twitter:card\" content=\"summary_large_image\" \/>\n<meta name=\"twitter:label1\" content=\"Gesch\u00e4tzte Lesezeit\" \/>\n\t<meta name=\"twitter:data1\" content=\"1\u00a0Minute\" \/>\n<script type=\"application\/ld+json\" class=\"yoast-schema-graph\">{\"@context\":\"https:\\\/\\\/schema.org\",\"@graph\":[{\"@type\":\"WebPage\",\"@id\":\"https:\\\/\\\/velhonkota.fi\\\/de\\\/uns-erreichen-sie\\\/\",\"url\":\"https:\\\/\\\/velhonkota.fi\\\/de\\\/uns-erreichen-sie\\\/\",\"name\":\"Uns erreichen Sie - Velhonkota.fi\",\"isPartOf\":{\"@id\":\"https:\\\/\\\/velhonkota.fi\\\/#website\"},\"primaryImageOfPage\":{\"@id\":\"https:\\\/\\\/velhonkota.fi\\\/de\\\/uns-erreichen-sie\\\/#primaryimage\"},\"image\":{\"@id\":\"https:\\\/\\\/velhonkota.fi\\\/de\\\/uns-erreichen-sie\\\/#primaryimage\"},\"thumbnailUrl\":\"https:\\\/\\\/velhonkota.fi\\\/wp-content\\\/uploads\\\/2019\\\/02\\\/velhonkota_meille_p\u00e4\u00e4set_02.jpg\",\"datePublished\":\"2019-02-20T10:06:11+00:00\",\"dateModified\":\"2025-03-11T07:26:46+00:00\",\"breadcrumb\":{\"@id\":\"https:\\\/\\\/velhonkota.fi\\\/de\\\/uns-erreichen-sie\\\/#breadcrumb\"},\"inLanguage\":\"de\",\"potentialAction\":[{\"@type\":\"ReadAction\",\"target\":[\"https:\\\/\\\/velhonkota.fi\\\/de\\\/uns-erreichen-sie\\\/\"]}]},{\"@type\":\"ImageObject\",\"inLanguage\":\"de\",\"@id\":\"https:\\\/\\\/velhonkota.fi\\\/de\\\/uns-erreichen-sie\\\/#primaryimage\",\"url\":\"https:\\\/\\\/velhonkota.fi\\\/wp-content\\\/uploads\\\/2019\\\/02\\\/velhonkota_meille_p\u00e4\u00e4set_02.jpg\",\"contentUrl\":\"https:\\\/\\\/velhonkota.fi\\\/wp-content\\\/uploads\\\/2019\\\/02\\\/velhonkota_meille_p\u00e4\u00e4set_02.jpg\",\"width\":1920,\"height\":1080},{\"@type\":\"BreadcrumbList\",\"@id\":\"https:\\\/\\\/velhonkota.fi\\\/de\\\/uns-erreichen-sie\\\/#breadcrumb\",\"itemListElement\":[{\"@type\":\"ListItem\",\"position\":1,\"name\":\"Home\",\"item\":\"https:\\\/\\\/velhonkota.fi\\\/de\\\/\"},{\"@type\":\"ListItem\",\"position\":2,\"name\":\"Uns erreichen Sie\"}]},{\"@type\":\"WebSite\",\"@id\":\"https:\\\/\\\/velhonkota.fi\\\/#website\",\"url\":\"https:\\\/\\\/velhonkota.fi\\\/\",\"name\":\"Velhonkota.fi\",\"description\":\"Legendaarinen Velhon Kota\",\"publisher\":{\"@id\":\"https:\\\/\\\/velhonkota.fi\\\/#organization\"},\"potentialAction\":[{\"@type\":\"SearchAction\",\"target\":{\"@type\":\"EntryPoint\",\"urlTemplate\":\"https:\\\/\\\/velhonkota.fi\\\/?s={search_term_string}\"},\"query-input\":{\"@type\":\"PropertyValueSpecification\",\"valueRequired\":true,\"valueName\":\"search_term_string\"}}],\"inLanguage\":\"de\"},{\"@type\":\"Organization\",\"@id\":\"https:\\\/\\\/velhonkota.fi\\\/#organization\",\"name\":\"Velhonkota.fi\",\"url\":\"https:\\\/\\\/velhonkota.fi\\\/\",\"logo\":{\"@type\":\"ImageObject\",\"inLanguage\":\"de\",\"@id\":\"https:\\\/\\\/velhonkota.fi\\\/#\\\/schema\\\/logo\\\/image\\\/\",\"url\":\"https:\\\/\\\/velhonkota.fi\\\/wp-content\\\/uploads\\\/2020\\\/11\\\/cropped-Velhon_Kota_logo_72dpi__net_-e1605948675145.png\",\"contentUrl\":\"https:\\\/\\\/velhonkota.fi\\\/wp-content\\\/uploads\\\/2020\\\/11\\\/cropped-Velhon_Kota_logo_72dpi__net_-e1605948675145.png\",\"width\":208,\"height\":119,\"caption\":\"Velhonkota.fi\"},\"image\":{\"@id\":\"https:\\\/\\\/velhonkota.fi\\\/#\\\/schema\\\/logo\\\/image\\\/\"}}]}<\/script>\n<!-- \/ Yoast SEO plugin. -->","yoast_head_json":{"title":"Uns erreichen Sie - Velhonkota.fi","robots":{"index":"index","follow":"follow","max-snippet":"max-snippet:-1","max-image-preview":"max-image-preview:large","max-video-preview":"max-video-preview:-1"},"canonical":"https:\/\/velhonkota.fi\/de\/uns-erreichen-sie\/","og_locale":"de_DE","og_type":"article","og_title":"Uns erreichen Sie - Velhonkota.fi","og_description":"mit Skiern \u00fcber ausgezeichnete Loipen aus dem Dorf \u00c4k\u00e4slompolo, dem Tunturij\u00e4rvi-See und dem Ortsteil Hannukainen. Die Loipenkilometer betragen nach Hotel Yll\u00e4skaltio 4 km, \u00c4k\u00e4shotelli 6 km, Kapelle Pyh\u00e4 Lauri (\u00fcber Kuertunturi-Fjell) 5 km, Tunturij\u00e4rven kota 6 km, Luosuj\u00e4rvi-Strandcaf\u00e9 11 km und zum Dorf Yll\u00e4sj\u00e4rvi 15 km. Zu Fu\u00df wandernd, mit dem Rad fahrend, auf Schneeschuhen [&hellip;]","og_url":"https:\/\/velhonkota.fi\/de\/uns-erreichen-sie\/","og_site_name":"Velhonkota.fi","article_modified_time":"2025-03-11T07:26:46+00:00","og_image":[{"width":1920,"height":1080,"url":"https:\/\/velhonkota.fi\/wp-content\/uploads\/2019\/02\/velhonkota_meille_p\u00e4\u00e4set_02.jpg","type":"image\/jpeg"}],"twitter_card":"summary_large_image","twitter_misc":{"Gesch\u00e4tzte Lesezeit":"1\u00a0Minute"},"schema":{"@context":"https:\/\/schema.org","@graph":[{"@type":"WebPage","@id":"https:\/\/velhonkota.fi\/de\/uns-erreichen-sie\/","url":"https:\/\/velhonkota.fi\/de\/uns-erreichen-sie\/","name":"Uns erreichen Sie - Velhonkota.fi","isPartOf":{"@id":"https:\/\/velhonkota.fi\/#website"},"primaryImageOfPage":{"@id":"https:\/\/velhonkota.fi\/de\/uns-erreichen-sie\/#primaryimage"},"image":{"@id":"https:\/\/velhonkota.fi\/de\/uns-erreichen-sie\/#primaryimage"},"thumbnailUrl":"https:\/\/velhonkota.fi\/wp-content\/uploads\/2019\/02\/velhonkota_meille_p\u00e4\u00e4set_02.jpg","datePublished":"2019-02-20T10:06:11+00:00","dateModified":"2025-03-11T07:26:46+00:00","breadcrumb":{"@id":"https:\/\/velhonkota.fi\/de\/uns-erreichen-sie\/#breadcrumb"},"inLanguage":"de","potentialAction":[{"@type":"ReadAction","target":["https:\/\/velhonkota.fi\/de\/uns-erreichen-sie\/"]}]},{"@type":"ImageObject","inLanguage":"de","@id":"https:\/\/velhonkota.fi\/de\/uns-erreichen-sie\/#primaryimage","url":"https:\/\/velhonkota.fi\/wp-content\/uploads\/2019\/02\/velhonkota_meille_p\u00e4\u00e4set_02.jpg","contentUrl":"https:\/\/velhonkota.fi\/wp-content\/uploads\/2019\/02\/velhonkota_meille_p\u00e4\u00e4set_02.jpg","width":1920,"height":1080},{"@type":"BreadcrumbList","@id":"https:\/\/velhonkota.fi\/de\/uns-erreichen-sie\/#breadcrumb","itemListElement":[{"@type":"ListItem","position":1,"name":"Home","item":"https:\/\/velhonkota.fi\/de\/"},{"@type":"ListItem","position":2,"name":"Uns erreichen Sie"}]},{"@type":"WebSite","@id":"https:\/\/velhonkota.fi\/#website","url":"https:\/\/velhonkota.fi\/","name":"Velhonkota.fi","description":"Legendaarinen Velhon Kota","publisher":{"@id":"https:\/\/velhonkota.fi\/#organization"},"potentialAction":[{"@type":"SearchAction","target":{"@type":"EntryPoint","urlTemplate":"https:\/\/velhonkota.fi\/?s={search_term_string}"},"query-input":{"@type":"PropertyValueSpecification","valueRequired":true,"valueName":"search_term_string"}}],"inLanguage":"de"},{"@type":"Organization","@id":"https:\/\/velhonkota.fi\/#organization","name":"Velhonkota.fi","url":"https:\/\/velhonkota.fi\/","logo":{"@type":"ImageObject","inLanguage":"de","@id":"https:\/\/velhonkota.fi\/#\/schema\/logo\/image\/","url":"https:\/\/velhonkota.fi\/wp-content\/uploads\/2020\/11\/cropped-Velhon_Kota_logo_72dpi__net_-e1605948675145.png","contentUrl":"https:\/\/velhonkota.fi\/wp-content\/uploads\/2020\/11\/cropped-Velhon_Kota_logo_72dpi__net_-e1605948675145.png","width":208,"height":119,"caption":"Velhonkota.fi"},"image":{"@id":"https:\/\/velhonkota.fi\/#\/schema\/logo\/image\/"}}]}},"_links":{"self":[{"href":"https:\/\/velhonkota.fi\/de\/wp-json\/wp\/v2\/pages\/366","targetHints":{"allow":["GET"]}}],"collection":[{"href":"https:\/\/velhonkota.fi\/de\/wp-json\/wp\/v2\/pages"}],"about":[{"href":"https:\/\/velhonkota.fi\/de\/wp-json\/wp\/v2\/types\/page"}],"author":[{"embeddable":true,"href":"https:\/\/velhonkota.fi\/de\/wp-json\/wp\/v2\/users\/1"}],"replies":[{"embeddable":true,"href":"https:\/\/velhonkota.fi\/de\/wp-json\/wp\/v2\/comments?post=366"}],"version-history":[{"count":1,"href":"https:\/\/velhonkota.fi\/de\/wp-json\/wp\/v2\/pages\/366\/revisions"}],"predecessor-version":[{"id":368,"href":"https:\/\/velhonkota.fi\/de\/wp-json\/wp\/v2\/pages\/366\/revisions\/368"}],"wp:featuredmedia":[{"embeddable":true,"href":"https:\/\/velhonkota.fi\/de\/wp-json\/wp\/v2\/media\/367"}],"wp:attachment":[{"href":"https:\/\/velhonkota.fi\/de\/wp-json\/wp\/v2\/media?parent=366"}],"curies":[{"name":"wp","href":"https:\/\/api.w.org\/{rel}","templated":true}]}}