{"id":351,"date":"2019-02-05T12:16:35","date_gmt":"2019-02-05T10:16:35","guid":{"rendered":"https:\/\/velhonkota.fi\/etusivu\/"},"modified":"2025-03-11T09:04:35","modified_gmt":"2025-03-11T07:04:35","slug":"etusivu","status":"publish","type":"page","link":"https:\/\/velhonkota.fi\/de\/","title":{"rendered":"Titelseite"},"content":{"rendered":"\n<p id=\"tw-target-text\"><\/p>\n\n\n\n<h3 class=\"wp-block-heading\">Willkommen in der legend\u00e4ren lappl\u00e4ndischen H\u00fctte <em>Velhon Kota<\/em> von Yll\u00e4s!<\/h3>\n\n\n\n<p>Erleben Sie die Sch\u00f6nheit der Polarnacht, die eingeschneiten B\u00e4ume und die ersten Sonnenstrahlen, das Licht des Fr\u00fchlings und den schimmernden Schnee, das fr\u00fchsommerliche Gr\u00fcn und den Vogelgesang, die nachtlose Mittsommernacht und die sonnengereiften Gaben der Natur, die Farbenpracht des Herbstes und den ersten Schneefall des sich anbahnenden Winters.<\/p>\n\n\n\n<p>Tauchen Sie ein in die Atmosph\u00e4re unserer H\u00fctte, lassen Sie sich vom Kerzenlicht und dem Lodern des Kamins verzaubern und geben Sie sich dem Zauber der H\u00fctte hin.<\/p>\n\n\n\n<p>Genie\u00dfen Sie die herzhaften und s\u00fc\u00dfen K\u00f6stlichkeiten aus eigener K\u00fcche und der \u00f6rtlichen B\u00e4ckerei sowie Hei\u00dfgetr\u00e4nke aus einem aus Maserbirke geschnitzten <em>kupilka<\/em>. Willkommen in der legend\u00e4ren Velhon Kota von Yll\u00e4s!<br><\/p>\n\n\n\n<p><em>Gasthaus<br><br><\/em><\/p>\n\n\n\n<p><em>Ein Gasthaus ist ein Zuhause f\u00fcr die, die uns besuchen,<br>Die Heimat f\u00fcr all die Reisenden auf ihren Routen.<br>Ob von nah, fern oder jenseits des Fjells,<br>An der T\u00fcre kein Schloss, dass sie fernh\u00e4lt.<\/em><\/p>\n\n\n\n<p><em>Die Uhr zeigt allen die Zeit der Welt,<br>In der Stube der Lebenszauber anh\u00e4lt.<br>Der Stubentisch f\u00fcllt viele M\u00e4uler mit Speisen,<br>Willkommen, sitz, mach Pause von deinen Reisen.<\/em><\/p>\n\n\n\n<p><em>In der Stube triffst du Bekannte und auch Fremd\u2019,<br>Erz\u00e4hlt die besten Geschichten, die hier niemand kennt.<br>Von hinter des Fjells kommen die neuesten Bericht\u2019,<br>Botschaften aus der Ferne, die das Leben so spricht.<\/em><em>Uuttu-Kalle<\/em><br><\/p>\n\n\n\n<h3 class=\"wp-block-heading\"><strong>Kontaktinformationen<\/strong><\/h3>\n\n\n\n<p>Velhon Kota Oy<br>Satu Kostet und Anne Pantsu<br>Tel.: +358 40 701 5092<br><a href=\"mailto:info@velhonkota.fi\">info@velhonkota.fi<\/a><\/p>\n\n\n\n<h3 class=\"wp-block-heading\"><br><strong>\u00d6ffnungszeiten<\/strong><\/h3>\n\n\n\n<p>\u00c4nderungen der \u00d6ffnungszeiten k\u00f6nnen vorkommen, \u00fcber diese informieren wir Sie auf unserer Facebook- und Instagram-Seite.<br>Bei uns k\u00f6nnen Sie bar und mit Karte bezahlen.<\/p>\n","protected":false},"excerpt":{"rendered":"<p>Willkommen in der legend\u00e4ren lappl\u00e4ndischen H\u00fctte Velhon Kota von Yll\u00e4s! Erleben Sie die Sch\u00f6nheit der Polarnacht, die eingeschneiten B\u00e4ume und die ersten Sonnenstrahlen, das Licht des Fr\u00fchlings und den schimmernden Schnee, das fr\u00fchsommerliche Gr\u00fcn und den Vogelgesang, die nachtlose Mittsommernacht und die sonnengereiften Gaben der Natur, die Farbenpracht des Herbstes und den ersten Schneefall des [&hellip;]<\/p>\n","protected":false},"author":1,"featured_media":0,"parent":0,"menu_order":0,"comment_status":"closed","ping_status":"closed","template":"","meta":{"_genesis_hide_title":false,"_genesis_hide_breadcrumbs":false,"_genesis_hide_singular_image":false,"_genesis_hide_footer_widgets":false,"_genesis_custom_body_class":"","_genesis_custom_post_class":"","_genesis_layout":"","footnotes":""},"class_list":{"0":"post-351","1":"page","2":"type-page","3":"status-publish","5":"entry"},"yoast_head":"<!-- This site is optimized with the Yoast SEO plugin v27.4 - https:\/\/yoast.com\/product\/yoast-seo-wordpress\/ -->\n<title>Velhon Kota toivottaa sinut tervetulleeksi Yll\u00e4kselle!<\/title>\n<meta name=\"description\" content=\"Velhon Kota - koe Yll\u00e4ksen taika! Onpa suunnitelmissasi hiihto, patikointi tai maastopy\u00f6r\u00e4ily Lapissa, Uuttu-Kallen perustamalla Velhon Kota palvelee sinua.\" \/>\n<meta name=\"robots\" content=\"index, follow, max-snippet:-1, max-image-preview:large, max-video-preview:-1\" \/>\n<link rel=\"canonical\" href=\"https:\/\/velhonkota.fi\/de\/\" \/>\n<meta property=\"og:locale\" content=\"de_DE\" \/>\n<meta property=\"og:type\" content=\"article\" \/>\n<meta property=\"og:title\" content=\"Velhon Kota toivottaa sinut tervetulleeksi Yll\u00e4kselle!\" \/>\n<meta property=\"og:description\" content=\"Velhon Kota - koe Yll\u00e4ksen taika! Onpa suunnitelmissasi hiihto, patikointi tai maastopy\u00f6r\u00e4ily Lapissa, Uuttu-Kallen perustamalla Velhon Kota palvelee sinua.\" \/>\n<meta property=\"og:url\" content=\"https:\/\/velhonkota.fi\/de\/\" \/>\n<meta property=\"og:site_name\" content=\"Velhonkota.fi\" \/>\n<meta property=\"article:modified_time\" content=\"2025-03-11T07:04:35+00:00\" \/>\n<meta name=\"twitter:card\" content=\"summary_large_image\" \/>\n<meta name=\"twitter:label1\" content=\"Gesch\u00e4tzte Lesezeit\" \/>\n\t<meta name=\"twitter:data1\" content=\"2\u00a0Minuten\" \/>\n<script type=\"application\/ld+json\" class=\"yoast-schema-graph\">{\"@context\":\"https:\\\/\\\/schema.org\",\"@graph\":[{\"@type\":\"WebPage\",\"@id\":\"https:\\\/\\\/velhonkota.fi\\\/de\\\/\",\"url\":\"https:\\\/\\\/velhonkota.fi\\\/de\\\/\",\"name\":\"Velhon Kota toivottaa sinut tervetulleeksi Yll\u00e4kselle!\",\"isPartOf\":{\"@id\":\"https:\\\/\\\/velhonkota.fi\\\/#website\"},\"datePublished\":\"2019-02-05T10:16:35+00:00\",\"dateModified\":\"2025-03-11T07:04:35+00:00\",\"description\":\"Velhon Kota - koe Yll\u00e4ksen taika! Onpa suunnitelmissasi hiihto, patikointi tai maastopy\u00f6r\u00e4ily Lapissa, Uuttu-Kallen perustamalla Velhon Kota palvelee sinua.\",\"breadcrumb\":{\"@id\":\"https:\\\/\\\/velhonkota.fi\\\/de\\\/#breadcrumb\"},\"inLanguage\":\"de\",\"potentialAction\":[{\"@type\":\"ReadAction\",\"target\":[\"https:\\\/\\\/velhonkota.fi\\\/de\\\/\"]}]},{\"@type\":\"BreadcrumbList\",\"@id\":\"https:\\\/\\\/velhonkota.fi\\\/de\\\/#breadcrumb\",\"itemListElement\":[{\"@type\":\"ListItem\",\"position\":1,\"name\":\"Home\",\"item\":\"https:\\\/\\\/velhonkota.fi\\\/de\\\/\"},{\"@type\":\"ListItem\",\"position\":2,\"name\":\"Titelseite\"}]},{\"@type\":\"WebSite\",\"@id\":\"https:\\\/\\\/velhonkota.fi\\\/#website\",\"url\":\"https:\\\/\\\/velhonkota.fi\\\/\",\"name\":\"Velhonkota.fi\",\"description\":\"Legendaarinen Velhon Kota\",\"publisher\":{\"@id\":\"https:\\\/\\\/velhonkota.fi\\\/#organization\"},\"potentialAction\":[{\"@type\":\"SearchAction\",\"target\":{\"@type\":\"EntryPoint\",\"urlTemplate\":\"https:\\\/\\\/velhonkota.fi\\\/?s={search_term_string}\"},\"query-input\":{\"@type\":\"PropertyValueSpecification\",\"valueRequired\":true,\"valueName\":\"search_term_string\"}}],\"inLanguage\":\"de\"},{\"@type\":\"Organization\",\"@id\":\"https:\\\/\\\/velhonkota.fi\\\/#organization\",\"name\":\"Velhonkota.fi\",\"url\":\"https:\\\/\\\/velhonkota.fi\\\/\",\"logo\":{\"@type\":\"ImageObject\",\"inLanguage\":\"de\",\"@id\":\"https:\\\/\\\/velhonkota.fi\\\/#\\\/schema\\\/logo\\\/image\\\/\",\"url\":\"https:\\\/\\\/velhonkota.fi\\\/wp-content\\\/uploads\\\/2020\\\/11\\\/cropped-Velhon_Kota_logo_72dpi__net_-e1605948675145.png\",\"contentUrl\":\"https:\\\/\\\/velhonkota.fi\\\/wp-content\\\/uploads\\\/2020\\\/11\\\/cropped-Velhon_Kota_logo_72dpi__net_-e1605948675145.png\",\"width\":208,\"height\":119,\"caption\":\"Velhonkota.fi\"},\"image\":{\"@id\":\"https:\\\/\\\/velhonkota.fi\\\/#\\\/schema\\\/logo\\\/image\\\/\"}}]}<\/script>\n<!-- \/ Yoast SEO plugin. -->","yoast_head_json":{"title":"Velhon Kota toivottaa sinut tervetulleeksi Yll\u00e4kselle!","description":"Velhon Kota - koe Yll\u00e4ksen taika! Onpa suunnitelmissasi hiihto, patikointi tai maastopy\u00f6r\u00e4ily Lapissa, Uuttu-Kallen perustamalla Velhon Kota palvelee sinua.","robots":{"index":"index","follow":"follow","max-snippet":"max-snippet:-1","max-image-preview":"max-image-preview:large","max-video-preview":"max-video-preview:-1"},"canonical":"https:\/\/velhonkota.fi\/de\/","og_locale":"de_DE","og_type":"article","og_title":"Velhon Kota toivottaa sinut tervetulleeksi Yll\u00e4kselle!","og_description":"Velhon Kota - koe Yll\u00e4ksen taika! Onpa suunnitelmissasi hiihto, patikointi tai maastopy\u00f6r\u00e4ily Lapissa, Uuttu-Kallen perustamalla Velhon Kota palvelee sinua.","og_url":"https:\/\/velhonkota.fi\/de\/","og_site_name":"Velhonkota.fi","article_modified_time":"2025-03-11T07:04:35+00:00","twitter_card":"summary_large_image","twitter_misc":{"Gesch\u00e4tzte Lesezeit":"2\u00a0Minuten"},"schema":{"@context":"https:\/\/schema.org","@graph":[{"@type":"WebPage","@id":"https:\/\/velhonkota.fi\/de\/","url":"https:\/\/velhonkota.fi\/de\/","name":"Velhon Kota toivottaa sinut tervetulleeksi Yll\u00e4kselle!","isPartOf":{"@id":"https:\/\/velhonkota.fi\/#website"},"datePublished":"2019-02-05T10:16:35+00:00","dateModified":"2025-03-11T07:04:35+00:00","description":"Velhon Kota - koe Yll\u00e4ksen taika! Onpa suunnitelmissasi hiihto, patikointi tai maastopy\u00f6r\u00e4ily Lapissa, Uuttu-Kallen perustamalla Velhon Kota palvelee sinua.","breadcrumb":{"@id":"https:\/\/velhonkota.fi\/de\/#breadcrumb"},"inLanguage":"de","potentialAction":[{"@type":"ReadAction","target":["https:\/\/velhonkota.fi\/de\/"]}]},{"@type":"BreadcrumbList","@id":"https:\/\/velhonkota.fi\/de\/#breadcrumb","itemListElement":[{"@type":"ListItem","position":1,"name":"Home","item":"https:\/\/velhonkota.fi\/de\/"},{"@type":"ListItem","position":2,"name":"Titelseite"}]},{"@type":"WebSite","@id":"https:\/\/velhonkota.fi\/#website","url":"https:\/\/velhonkota.fi\/","name":"Velhonkota.fi","description":"Legendaarinen Velhon Kota","publisher":{"@id":"https:\/\/velhonkota.fi\/#organization"},"potentialAction":[{"@type":"SearchAction","target":{"@type":"EntryPoint","urlTemplate":"https:\/\/velhonkota.fi\/?s={search_term_string}"},"query-input":{"@type":"PropertyValueSpecification","valueRequired":true,"valueName":"search_term_string"}}],"inLanguage":"de"},{"@type":"Organization","@id":"https:\/\/velhonkota.fi\/#organization","name":"Velhonkota.fi","url":"https:\/\/velhonkota.fi\/","logo":{"@type":"ImageObject","inLanguage":"de","@id":"https:\/\/velhonkota.fi\/#\/schema\/logo\/image\/","url":"https:\/\/velhonkota.fi\/wp-content\/uploads\/2020\/11\/cropped-Velhon_Kota_logo_72dpi__net_-e1605948675145.png","contentUrl":"https:\/\/velhonkota.fi\/wp-content\/uploads\/2020\/11\/cropped-Velhon_Kota_logo_72dpi__net_-e1605948675145.png","width":208,"height":119,"caption":"Velhonkota.fi"},"image":{"@id":"https:\/\/velhonkota.fi\/#\/schema\/logo\/image\/"}}]}},"_links":{"self":[{"href":"https:\/\/velhonkota.fi\/de\/wp-json\/wp\/v2\/pages\/351","targetHints":{"allow":["GET"]}}],"collection":[{"href":"https:\/\/velhonkota.fi\/de\/wp-json\/wp\/v2\/pages"}],"about":[{"href":"https:\/\/velhonkota.fi\/de\/wp-json\/wp\/v2\/types\/page"}],"author":[{"embeddable":true,"href":"https:\/\/velhonkota.fi\/de\/wp-json\/wp\/v2\/users\/1"}],"replies":[{"embeddable":true,"href":"https:\/\/velhonkota.fi\/de\/wp-json\/wp\/v2\/comments?post=351"}],"version-history":[{"count":2,"href":"https:\/\/velhonkota.fi\/de\/wp-json\/wp\/v2\/pages\/351\/revisions"}],"predecessor-version":[{"id":362,"href":"https:\/\/velhonkota.fi\/de\/wp-json\/wp\/v2\/pages\/351\/revisions\/362"}],"wp:attachment":[{"href":"https:\/\/velhonkota.fi\/de\/wp-json\/wp\/v2\/media?parent=351"}],"curies":[{"name":"wp","href":"https:\/\/api.w.org\/{rel}","templated":true}]}}